{"id":1351,"date":"2019-10-21T13:03:31","date_gmt":"2019-10-21T13:03:31","guid":{"rendered":"https:\/\/donpeppe.qodeinteractive.com\/?page_id=1351"},"modified":"2025-11-24T09:29:17","modified_gmt":"2025-11-24T09:29:17","slug":"casa","status":"publish","type":"page","link":"https:\/\/pepe-dubai.com\/it\/casa\/","title":{"rendered":"Casa"},"content":{"rendered":"<div class=\"wpb-content-wrapper\"><div class=\"vc_row wpb_row vc_row-fluid vc_custom_1763976343301 vc_row-has-fill\" ><div class=\"wpb_column vc_column_container vc_col-sm-12\"><div class=\"vc_column-inner\"><div class=\"wpb_wrapper\"><\/div><\/div><\/div><\/div><div class=\"qodef-row-grid-section-wrapper qodef-content-aligment-center\"  ><div class=\"qodef-row-grid-section\"><div class=\"vc_row wpb_row vc_row-fluid vc_custom_1572529075240\" ><div class=\"wpb_column vc_column_container vc_col-sm-12\"><div class=\"vc_column-inner\"><div class=\"wpb_wrapper\"><div class=\"qodef-section-title-holder\" >\n\t<div class=\"qodef-st-inner\">\n                    <span class=\"qodef-st-subtitle\" >\n                DALL'ITALIA            <\/span>\n        \t\t\t\t\t<h2 class=\"qodef-st-title\" style=\"color: #678A71\">\n                                    CON AMORE                            <\/h2>\n\t\t\t\t\t\t\t<\/div>\n<\/div>\n\t<div  class=\"wpb_single_image wpb_content_element vc_align_center wpb_content_element vc_custom_1571665255364\">\n\t\t\n\t\t<figure class=\"wpb_wrapper vc_figure\">\n\t\t\t<div class=\"vc_single_image-wrapper   vc_box_border_grey\"><img fetchpriority=\"high\" decoding=\"async\" width=\"539\" height=\"240\" src=\"https:\/\/pepe-dubai.com\/wp-content\/uploads\/2019\/10\/our-history-bckg-img.png\" class=\"vc_single_image-img attachment-full\" alt=\"d\" title=\"la nostra storia-backg-img\" srcset=\"https:\/\/pepe-dubai.com\/wp-content\/uploads\/2019\/10\/our-history-bckg-img.png 539w, https:\/\/pepe-dubai.com\/wp-content\/uploads\/2019\/10\/our-history-bckg-img-300x134.png 300w\" sizes=\"(max-width: 539px) 100vw, 539px\" \/><\/div>\n\t\t<\/figure>\n\t<\/div>\n<\/div><\/div><\/div><\/div><\/div><\/div><div class=\"qodef-row-grid-section-wrapper qodef-content-aligment-center\"  ><div class=\"qodef-row-grid-section\"><div class=\"vc_row wpb_row vc_row-fluid vc_custom_1571665223082\" ><div class=\"wpb_column vc_column_container vc_col-sm-12\"><div class=\"vc_column-inner vc_custom_1572529112202\"><div class=\"wpb_wrapper\"><div class=\"qodef-elements-holder   qodef-one-column  qodef-responsive-mode-768\" ><div class=\"qodef-eh-item\"  data-item-class=\"qodef-eh-custom-4010\" data-1025-1399=\"0 19%\" data-769-1024=\"0 8%\" data-681-768=\"0 0\" data-680=\"130px 0 0 0\">\n\t<div class=\"qodef-eh-item-inner\">\n\t\t<div class=\"qodef-eh-item-content qodef-eh-custom-4010\" style=\"padding: 0 21%\">\n\t\t\t<h2 class=\"qodef-custom-font-holder  qodef-cf-2342\" style=\"font-family: Open Sans;font-size: 16px;line-height: 23px;font-weight: 400;text-transform: initial;text-align: center;color: #767676\" data-item-class=\"qodef-cf-2342\">\n\tEntrate nella Pepe Trattoria del The Address Beach Resort e fuggite in Italia senza lasciare Dubai. Questo ristorante italiano offre un'esperienza culinaria coinvolgente che si rivolge sia ai locali che ai visitatori internazionali in cerca della migliore cucina italiana a Dubai.<\/h2><h2 class=\"qodef-custom-font-holder  qodef-cf-2647\" style=\"font-family: Open Sans;font-size: 16px;line-height: 23px;font-weight: 400;text-transform: initial;text-align: center;color: #767676\" data-item-class=\"qodef-cf-2647\">\n\tOgni dettaglio alla Pepe Trattoria \u00e8 stato progettato per incantare: centinaia di luci scintillanti, sontuose composizioni floreali e decorazioni italiane vintage si uniscono per creare un ristorante Dolce Vita a Dubai degno di una scena. Pareti torreggianti piene di bottiglie di liquore italiano e lampadari ornati fanno da sfondo a serate indulgenti in un ambiente elegante e romantico.<\/h2><h2 class=\"qodef-custom-font-holder  qodef-cf-5393\" style=\"font-family: Open Sans;font-size: 16px;line-height: 23px;font-weight: 400;text-transform: initial;text-align: center;color: #767676\" data-item-class=\"qodef-cf-5393\">\n\tDalle ceramiche dipinte a mano agli specchi antichi, fino ai banconi di velluto che invitano a rilassarsi, Pepe Trattoria fa rivivere il fascino della trattoria italiana nel cuore di Dubai. \u00c8 molto pi\u00f9 che pizza e pasta, \u00e8 un sogno italiano: risate che riecheggiano fino a tarda notte, feste gioiose e celebrazioni che sembrano uscite da un film di Fellini.<\/h2><h2 class=\"qodef-custom-font-holder  qodef-cf-3533\" style=\"font-family: Open Sans;font-size: 16px;line-height: 23px;font-weight: 400;text-transform: initial;text-align: center;color: #767676\" data-item-class=\"qodef-cf-3533\">\n\tChe abbiate voglia di pasta autentica, di pizza artigianale o di una serata italiana glamour, Pepe Trattoria fonde le lussuose tradizioni delle trattorie italiane con lo spirito vibrante della scena gastronomica di Dubai.<\/h2>\n\t<div  class=\"wpb_single_image wpb_content_element vc_align_center wpb_content_element vc_custom_1755761507897\">\n\t\t\n\t\t<figure class=\"wpb_wrapper vc_figure\">\n\t\t\t<div class=\"vc_single_image-wrapper   vc_box_border_grey\"><img loading=\"lazy\" decoding=\"async\" class=\"vc_single_image-img\" src=\"https:\/\/pepe-dubai.com\/wp-content\/uploads\/2025\/08\/tutto-bene-200x320.png\" width=\"200\" height=\"320\" alt=\"tutto bene\" title=\"tutto bene\" \/><\/div>\n\t\t<\/figure>\n\t<\/div>\n\t\t<\/div>\n\t<\/div>\n<\/div><\/div><\/div><\/div><\/div><\/div><\/div><\/div><div class=\"qodef-row-grid-section-wrapper\"  ><div class=\"qodef-row-grid-section\"><div class=\"vc_row wpb_row vc_row-fluid vc_custom_1571665488555\" ><div class=\"wpb_column vc_column_container vc_col-sm-12\"><div class=\"vc_column-inner\"><div class=\"wpb_wrapper\">\n<div class=\"vc_grid-container-wrapper vc_clearfix vc_grid-animation-zoomIn\">\n\t<div class=\"vc_grid-container vc_clearfix wpb_content_element vc_masonry_media_grid\" data-initial-loading-animation=\"zoomIn\" data-vc-grid-settings=\"{&quot;page_id&quot;:1351,&quot;style&quot;:&quot;all-masonry&quot;,&quot;action&quot;:&quot;vc_get_vc_grid_data&quot;,&quot;shortcode_id&quot;:&quot;1763976523168-e444f1d1-6dc3-9&quot;,&quot;tag&quot;:&quot;vc_masonry_media_grid&quot;}\" data-vc-request=\"https:\/\/pepe-dubai.com\/wp-admin\/admin-ajax.php\" data-vc-post-id=\"1351\" data-vc-public-nonce=\"4bb6abb97e\">\n\t\t\n\t<\/div>\n<\/div><\/div><\/div><\/div><\/div><\/div><\/div>\n<\/div>","protected":false},"excerpt":{"rendered":"FROM ITALY WITH AMORE Step into Pepe Trattoria at The Address Beach Resort and escape to Italy without leaving Dubai. This Italian restaurant offers an immersive dining experience that appeals to both locals and international visitors seeking the finest Italian cuisine in Dubai. Every detail at Pepe Trattoria is designed to enchant: hundreds [...]","protected":false},"author":1,"featured_media":0,"parent":0,"menu_order":0,"comment_status":"closed","ping_status":"closed","template":"full-width.php","meta":{"footnotes":""},"class_list":["post-1351","page","type-page","status-publish","hentry"],"yoast_head":"<!-- This site is optimized with the Yoast SEO plugin v26.6 - https:\/\/yoast.com\/wordpress\/plugins\/seo\/ -->\n<title>Pepe Trattoria Dubai | Authentic Italian Restaurant at The Address Beach Resort<\/title>\n<meta name=\"description\" content=\"Experience Italian glamour at Pepe Trattoria, Dubai. Authentic pasta, artisan pizza &amp; a Dolce Vita ambiance in JBR\u2019s Address Beach Resort.\" \/>\n<meta name=\"robots\" content=\"index, follow, max-snippet:-1, max-image-preview:large, max-video-preview:-1\" \/>\n<link rel=\"canonical\" href=\"https:\/\/pepe-dubai.com\/it\/casa\/\" \/>\n<meta property=\"og:locale\" content=\"it_IT\" \/>\n<meta property=\"og:type\" content=\"article\" \/>\n<meta property=\"og:title\" content=\"Pepe Trattoria Dubai | Authentic Italian Restaurant at The Address Beach Resort\" \/>\n<meta property=\"og:description\" content=\"Experience Italian glamour at Pepe Trattoria, Dubai. Authentic pasta, artisan pizza &amp; a Dolce Vita ambiance in JBR\u2019s Address Beach Resort.\" \/>\n<meta property=\"og:url\" content=\"https:\/\/pepe-dubai.com\/it\/casa\/\" \/>\n<meta property=\"og:site_name\" content=\"Pepe Dubai\" \/>\n<meta property=\"article:modified_time\" content=\"2025-11-24T09:29:17+00:00\" \/>\n<meta name=\"twitter:card\" content=\"summary_large_image\" \/>\n<meta name=\"twitter:label1\" content=\"Tempo di lettura stimato\" \/>\n\t<meta name=\"twitter:data1\" content=\"8 minuti\" \/>\n<script type=\"application\/ld+json\" class=\"yoast-schema-graph\">{\"@context\":\"https:\/\/schema.org\",\"@graph\":[{\"@type\":\"WebPage\",\"@id\":\"https:\/\/pepe-dubai.com\/casa\/\",\"url\":\"https:\/\/pepe-dubai.com\/casa\/\",\"name\":\"Pepe Trattoria Dubai | Authentic Italian Restaurant at The Address Beach Resort\",\"isPartOf\":{\"@id\":\"https:\/\/pepe-dubai.com\/#website\"},\"datePublished\":\"2019-10-21T13:03:31+00:00\",\"dateModified\":\"2025-11-24T09:29:17+00:00\",\"description\":\"Experience Italian glamour at Pepe Trattoria, Dubai. Authentic pasta, artisan pizza & a Dolce Vita ambiance in JBR\u2019s Address Beach Resort.\",\"breadcrumb\":{\"@id\":\"https:\/\/pepe-dubai.com\/casa\/#breadcrumb\"},\"inLanguage\":\"it-IT\",\"potentialAction\":[{\"@type\":\"ReadAction\",\"target\":[\"https:\/\/pepe-dubai.com\/casa\/\"]}]},{\"@type\":\"BreadcrumbList\",\"@id\":\"https:\/\/pepe-dubai.com\/casa\/#breadcrumb\",\"itemListElement\":[{\"@type\":\"ListItem\",\"position\":1,\"name\":\"Accueil\",\"item\":\"https:\/\/pepe-dubai.com\/\"},{\"@type\":\"ListItem\",\"position\":2,\"name\":\"Casa\"}]},{\"@type\":\"WebSite\",\"@id\":\"https:\/\/pepe-dubai.com\/#website\",\"url\":\"https:\/\/pepe-dubai.com\/\",\"name\":\"Pepe Dubai\",\"description\":\"The Italian Trattoria in Dubai , at the Address Beach Resort\",\"potentialAction\":[{\"@type\":\"SearchAction\",\"target\":{\"@type\":\"EntryPoint\",\"urlTemplate\":\"https:\/\/pepe-dubai.com\/?s={search_term_string}\"},\"query-input\":{\"@type\":\"PropertyValueSpecification\",\"valueRequired\":true,\"valueName\":\"search_term_string\"}}],\"inLanguage\":\"it-IT\"}]}<\/script>\n<!-- \/ Yoast SEO plugin. -->","yoast_head_json":{"title":"Pepe Trattoria Dubai | Authentic Italian Restaurant at The Address Beach Resort","description":"Experience Italian glamour at Pepe Trattoria, Dubai. Authentic pasta, artisan pizza & a Dolce Vita ambiance in JBR\u2019s Address Beach Resort.","robots":{"index":"index","follow":"follow","max-snippet":"max-snippet:-1","max-image-preview":"max-image-preview:large","max-video-preview":"max-video-preview:-1"},"canonical":"https:\/\/pepe-dubai.com\/it\/casa\/","og_locale":"it_IT","og_type":"article","og_title":"Pepe Trattoria Dubai | Authentic Italian Restaurant at The Address Beach Resort","og_description":"Experience Italian glamour at Pepe Trattoria, Dubai. Authentic pasta, artisan pizza & a Dolce Vita ambiance in JBR\u2019s Address Beach Resort.","og_url":"https:\/\/pepe-dubai.com\/it\/casa\/","og_site_name":"Pepe Dubai","article_modified_time":"2025-11-24T09:29:17+00:00","twitter_card":"summary_large_image","twitter_misc":{"Tempo di lettura stimato":"8 minuti"},"schema":{"@context":"https:\/\/schema.org","@graph":[{"@type":"WebPage","@id":"https:\/\/pepe-dubai.com\/casa\/","url":"https:\/\/pepe-dubai.com\/casa\/","name":"Pepe Trattoria Dubai | Authentic Italian Restaurant at The Address Beach Resort","isPartOf":{"@id":"https:\/\/pepe-dubai.com\/#website"},"datePublished":"2019-10-21T13:03:31+00:00","dateModified":"2025-11-24T09:29:17+00:00","description":"Experience Italian glamour at Pepe Trattoria, Dubai. Authentic pasta, artisan pizza & a Dolce Vita ambiance in JBR\u2019s Address Beach Resort.","breadcrumb":{"@id":"https:\/\/pepe-dubai.com\/casa\/#breadcrumb"},"inLanguage":"it-IT","potentialAction":[{"@type":"ReadAction","target":["https:\/\/pepe-dubai.com\/casa\/"]}]},{"@type":"BreadcrumbList","@id":"https:\/\/pepe-dubai.com\/casa\/#breadcrumb","itemListElement":[{"@type":"ListItem","position":1,"name":"Accueil","item":"https:\/\/pepe-dubai.com\/"},{"@type":"ListItem","position":2,"name":"Casa"}]},{"@type":"WebSite","@id":"https:\/\/pepe-dubai.com\/#website","url":"https:\/\/pepe-dubai.com\/","name":"Pepe Dubai","description":"La Trattoria Italiana a Dubai, presso l'Address Beach Resort","potentialAction":[{"@type":"SearchAction","target":{"@type":"EntryPoint","urlTemplate":"https:\/\/pepe-dubai.com\/?s={search_term_string}"},"query-input":{"@type":"PropertyValueSpecification","valueRequired":true,"valueName":"search_term_string"}}],"inLanguage":"it-IT"}]}},"_links":{"self":[{"href":"https:\/\/pepe-dubai.com\/it\/wp-json\/wp\/v2\/pages\/1351","targetHints":{"allow":["GET"]}}],"collection":[{"href":"https:\/\/pepe-dubai.com\/it\/wp-json\/wp\/v2\/pages"}],"about":[{"href":"https:\/\/pepe-dubai.com\/it\/wp-json\/wp\/v2\/types\/page"}],"author":[{"embeddable":true,"href":"https:\/\/pepe-dubai.com\/it\/wp-json\/wp\/v2\/users\/1"}],"replies":[{"embeddable":true,"href":"https:\/\/pepe-dubai.com\/it\/wp-json\/wp\/v2\/comments?post=1351"}],"version-history":[{"count":21,"href":"https:\/\/pepe-dubai.com\/it\/wp-json\/wp\/v2\/pages\/1351\/revisions"}],"predecessor-version":[{"id":3881,"href":"https:\/\/pepe-dubai.com\/it\/wp-json\/wp\/v2\/pages\/1351\/revisions\/3881"}],"wp:attachment":[{"href":"https:\/\/pepe-dubai.com\/it\/wp-json\/wp\/v2\/media?parent=1351"}],"curies":[{"name":"wp","href":"https:\/\/api.w.org\/{rel}","templated":true}]}}