{"id":913,"date":"2019-10-17T12:55:48","date_gmt":"2019-10-17T12:55:48","guid":{"rendered":"https:\/\/donpeppe.qodeinteractive.com\/?page_id=913"},"modified":"2019-10-17T12:55:48","modified_gmt":"2019-10-17T12:55:48","slug":"menu-filter-dark","status":"publish","type":"page","link":"https:\/\/pepe-dubai.com\/fr\/menu-filter-dark\/","title":{"rendered":"Menu Filtrer Sombre"},"content":{"rendered":"<div class=\"wpb-content-wrapper\"><div class=\"vc_row wpb_row vc_row-fluid\" ><div class=\"wpb_column vc_column_container vc_col-sm-12\"><div class=\"vc_column-inner\"><div class=\"wpb_wrapper\">[qodef_product_list info_position=\u201dinfo-below-image\u201d number_of_columns=\u201dfour\u201d space_between_items=\u201denormous\u201d orderby=\u201ddate\u201d order=\u201dASC\u201d show_category_filter=\u201dyes\u201d disable_filter_separator=\u201dyes\u201d show_all_item_in_filter=\u201dno\u201d image_size=\u201d\u201d preloader_skin=\u201dlight\u201d bg_image=\u201dyes\u201d background_skin=\u201dlight\u201d display_rating=\u201dno\u201d number_of_posts=\u201d12\u2033]<\/div><\/div><\/div><\/div>\n<\/div>","protected":false},"excerpt":{"rendered":"[qodef_product_list info_position=\"info-below-image\" number_of_columns=\"four\" space_between_items=\"enormous\" orderby=\"date\" order=\"ASC\" show_category_filter=\"yes\" disable_filter_separator=\"yes\" show_all_item_in_filter=\"no\" image_size=\"\" preloader_skin=\"light\" bg_image=\"yes\" background_skin=\"light\" display_rating=\"no\" number_of_posts=\"12\"]","protected":false},"author":1,"featured_media":0,"parent":0,"menu_order":0,"comment_status":"closed","ping_status":"closed","template":"full-width.php","meta":{"footnotes":""},"class_list":["post-913","page","type-page","status-publish","hentry"],"yoast_head":"<!-- This site is optimized with the Yoast SEO plugin v26.6 - https:\/\/yoast.com\/wordpress\/plugins\/seo\/ -->\n<title>Menu Filter Dark - Pepe Dubai<\/title>\n<meta name=\"robots\" content=\"index, follow, max-snippet:-1, max-image-preview:large, max-video-preview:-1\" \/>\n<link rel=\"canonical\" href=\"https:\/\/pepe-dubai.com\/fr\/menu-filter-dark\/\" \/>\n<meta property=\"og:locale\" content=\"fr_FR\" \/>\n<meta property=\"og:type\" content=\"article\" \/>\n<meta property=\"og:title\" content=\"Menu Filter Dark - Pepe Dubai\" \/>\n<meta property=\"og:url\" content=\"https:\/\/pepe-dubai.com\/fr\/menu-filter-dark\/\" \/>\n<meta property=\"og:site_name\" content=\"Pepe Dubai\" \/>\n<meta name=\"twitter:card\" content=\"summary_large_image\" \/>\n<script type=\"application\/ld+json\" class=\"yoast-schema-graph\">{\"@context\":\"https:\/\/schema.org\",\"@graph\":[{\"@type\":\"WebPage\",\"@id\":\"https:\/\/pepe-dubai.com\/menu-filter-dark\/\",\"url\":\"https:\/\/pepe-dubai.com\/menu-filter-dark\/\",\"name\":\"Menu Filter Dark - Pepe Dubai\",\"isPartOf\":{\"@id\":\"https:\/\/pepe-dubai.com\/#website\"},\"datePublished\":\"2019-10-17T12:55:48+00:00\",\"breadcrumb\":{\"@id\":\"https:\/\/pepe-dubai.com\/menu-filter-dark\/#breadcrumb\"},\"inLanguage\":\"fr-FR\",\"potentialAction\":[{\"@type\":\"ReadAction\",\"target\":[\"https:\/\/pepe-dubai.com\/menu-filter-dark\/\"]}]},{\"@type\":\"BreadcrumbList\",\"@id\":\"https:\/\/pepe-dubai.com\/menu-filter-dark\/#breadcrumb\",\"itemListElement\":[{\"@type\":\"ListItem\",\"position\":1,\"name\":\"Accueil\",\"item\":\"https:\/\/pepe-dubai.com\/\"},{\"@type\":\"ListItem\",\"position\":2,\"name\":\"Menu Filter Dark\"}]},{\"@type\":\"WebSite\",\"@id\":\"https:\/\/pepe-dubai.com\/#website\",\"url\":\"https:\/\/pepe-dubai.com\/\",\"name\":\"Pepe Dubai\",\"description\":\"The Italian Trattoria in Dubai , at the Address Beach Resort\",\"potentialAction\":[{\"@type\":\"SearchAction\",\"target\":{\"@type\":\"EntryPoint\",\"urlTemplate\":\"https:\/\/pepe-dubai.com\/?s={search_term_string}\"},\"query-input\":{\"@type\":\"PropertyValueSpecification\",\"valueRequired\":true,\"valueName\":\"search_term_string\"}}],\"inLanguage\":\"fr-FR\"}]}<\/script>\n<!-- \/ Yoast SEO plugin. -->","yoast_head_json":{"title":"Menu Filter Dark - Pepe Dubai","robots":{"index":"index","follow":"follow","max-snippet":"max-snippet:-1","max-image-preview":"max-image-preview:large","max-video-preview":"max-video-preview:-1"},"canonical":"https:\/\/pepe-dubai.com\/fr\/menu-filter-dark\/","og_locale":"fr_FR","og_type":"article","og_title":"Menu Filter Dark - Pepe Dubai","og_url":"https:\/\/pepe-dubai.com\/fr\/menu-filter-dark\/","og_site_name":"Pepe Dubai","twitter_card":"summary_large_image","schema":{"@context":"https:\/\/schema.org","@graph":[{"@type":"WebPage","@id":"https:\/\/pepe-dubai.com\/menu-filter-dark\/","url":"https:\/\/pepe-dubai.com\/menu-filter-dark\/","name":"Menu Filter Dark - Pepe Dubai","isPartOf":{"@id":"https:\/\/pepe-dubai.com\/#website"},"datePublished":"2019-10-17T12:55:48+00:00","breadcrumb":{"@id":"https:\/\/pepe-dubai.com\/menu-filter-dark\/#breadcrumb"},"inLanguage":"fr-FR","potentialAction":[{"@type":"ReadAction","target":["https:\/\/pepe-dubai.com\/menu-filter-dark\/"]}]},{"@type":"BreadcrumbList","@id":"https:\/\/pepe-dubai.com\/menu-filter-dark\/#breadcrumb","itemListElement":[{"@type":"ListItem","position":1,"name":"Accueil","item":"https:\/\/pepe-dubai.com\/"},{"@type":"ListItem","position":2,"name":"Menu Filter Dark"}]},{"@type":"WebSite","@id":"https:\/\/pepe-dubai.com\/#website","url":"https:\/\/pepe-dubai.com\/","name":"Pepe Duba\u00ef","description":"The Italian Trattoria \u00e0 Duba\u00ef, \u00e0 l'Address Beach Resort","potentialAction":[{"@type":"SearchAction","target":{"@type":"EntryPoint","urlTemplate":"https:\/\/pepe-dubai.com\/?s={search_term_string}"},"query-input":{"@type":"PropertyValueSpecification","valueRequired":true,"valueName":"search_term_string"}}],"inLanguage":"fr-FR"}]}},"_links":{"self":[{"href":"https:\/\/pepe-dubai.com\/fr\/wp-json\/wp\/v2\/pages\/913","targetHints":{"allow":["GET"]}}],"collection":[{"href":"https:\/\/pepe-dubai.com\/fr\/wp-json\/wp\/v2\/pages"}],"about":[{"href":"https:\/\/pepe-dubai.com\/fr\/wp-json\/wp\/v2\/types\/page"}],"author":[{"embeddable":true,"href":"https:\/\/pepe-dubai.com\/fr\/wp-json\/wp\/v2\/users\/1"}],"replies":[{"embeddable":true,"href":"https:\/\/pepe-dubai.com\/fr\/wp-json\/wp\/v2\/comments?post=913"}],"version-history":[{"count":0,"href":"https:\/\/pepe-dubai.com\/fr\/wp-json\/wp\/v2\/pages\/913\/revisions"}],"wp:attachment":[{"href":"https:\/\/pepe-dubai.com\/fr\/wp-json\/wp\/v2\/media?parent=913"}],"curies":[{"name":"wp","href":"https:\/\/api.w.org\/{rel}","templated":true}]}}