{"id":3735,"date":"2025-08-27T21:50:43","date_gmt":"2025-08-27T21:50:43","guid":{"rendered":"https:\/\/pepe-dubai.com\/?page_id=3735"},"modified":"2025-11-05T16:09:28","modified_gmt":"2025-11-05T16:09:28","slug":"restaurant-menu-2","status":"publish","type":"page","link":"https:\/\/pepe-dubai.com\/fr\/restaurant-menu-2\/","title":{"rendered":"Menu"},"content":{"rendered":"<div class=\"wpb-content-wrapper\"><div class=\"vc_row wpb_row vc_row-fluid vc_custom_1755876117467 vc_row-has-fill\" ><div class=\"wpb_column vc_column_container vc_col-sm-12\"><div class=\"vc_column-inner\"><div class=\"wpb_wrapper\"><\/div><\/div><\/div><\/div><div class=\"qodef-row-grid-section-wrapper qodef-content-aligment-center\"  ><div class=\"qodef-row-grid-section\"><div class=\"vc_row wpb_row vc_row-fluid vc_custom_1572529075240\" ><div class=\"wpb_column vc_column_container vc_col-sm-12\"><div class=\"vc_column-inner\"><div class=\"wpb_wrapper\"><div class=\"qodef-section-title-holder\" >\n\t<div class=\"qodef-st-inner\">\n                    <span class=\"qodef-st-subtitle\" >\n                FROM PEPE            <\/span>\n        \t\t\t\t\t<h2 class=\"qodef-st-title\" style=\"color: #678A71\">\n                                    THE ITALIAN MENU                            <\/h2>\n\t\t\t\t\t\t\t<\/div>\n<\/div>\n\t<div  class=\"wpb_single_image wpb_content_element vc_align_center wpb_content_element vc_custom_1571665255364\">\n\t\t\n\t\t<figure class=\"wpb_wrapper vc_figure\">\n\t\t\t<div class=\"vc_single_image-wrapper   vc_box_border_grey\"><img fetchpriority=\"high\" decoding=\"async\" width=\"539\" height=\"240\" src=\"https:\/\/pepe-dubai.com\/wp-content\/uploads\/2019\/10\/our-history-bckg-img.png\" class=\"vc_single_image-img attachment-full\" alt=\"d\" title=\"notre-histoire-bckg-img\" srcset=\"https:\/\/pepe-dubai.com\/wp-content\/uploads\/2019\/10\/our-history-bckg-img.png 539w, https:\/\/pepe-dubai.com\/wp-content\/uploads\/2019\/10\/our-history-bckg-img-300x134.png 300w\" sizes=\"(max-width: 539px) 100vw, 539px\" \/><\/div>\n\t\t<\/figure>\n\t<\/div>\n<\/div><\/div><\/div><\/div><\/div><\/div><div class=\"qodef-row-grid-section-wrapper qodef-content-aligment-center\"  ><div class=\"qodef-row-grid-section\"><div class=\"vc_row wpb_row vc_row-fluid vc_custom_1571665223082\" ><div class=\"wpb_column vc_column_container vc_col-sm-12\"><div class=\"vc_column-inner vc_custom_1572529112202\"><div class=\"wpb_wrapper\"><div class=\"qodef-elements-holder   qodef-one-column  qodef-responsive-mode-768\" ><div class=\"qodef-eh-item\"  data-item-class=\"qodef-eh-custom-7595\" data-1025-1399=\"0 19%\" data-769-1024=\"0 8%\" data-681-768=\"0 0\" data-680=\"130px 0 0 0\">\n\t<div class=\"qodef-eh-item-inner\">\n\t\t<div class=\"qodef-eh-item-content qodef-eh-custom-7595\" style=\"padding: 0 21%\">\n\t\t\t<h2 class=\"qodef-custom-font-holder  qodef-cf-3128\" style=\"font-family: Open Sans;font-size: 16px;line-height: 23px;font-weight: 400;text-transform: initial;text-align: center;color: #767676\" data-item-class=\"qodef-cf-3128\">\n\tAn explosive menu featuring iconic Italian classics, made with exceptional ingredients and reimagined with a bold twist. Take a seat at the golden Siena marble bar, sip on a perfectly mixed Paloma Anderson, and let the journey begin.<\/h2>\n\t<div  class=\"wpb_single_image wpb_content_element vc_align_center wpb_content_element vc_custom_1755761507897\">\n\t\t\n\t\t<figure class=\"wpb_wrapper vc_figure\">\n\t\t\t<div class=\"vc_single_image-wrapper   vc_box_border_grey\"><img loading=\"lazy\" decoding=\"async\" class=\"vc_single_image-img\" src=\"https:\/\/pepe-dubai.com\/wp-content\/uploads\/2025\/08\/tutto-bene-200x320.png\" width=\"200\" height=\"320\" alt=\"tutto bene\" title=\"tout \u00e0 fait bien\" \/><\/div>\n\t\t<\/figure>\n\t<\/div>\n\t\t<\/div>\n\t<\/div>\n<\/div><\/div><\/div><\/div><\/div><\/div><\/div><\/div><div class=\"vc_row wpb_row vc_row-fluid vc_row-o-content-middle vc_row-flex\" ><div class=\"wpb_column vc_column_container vc_col-sm-2\"><div class=\"vc_column-inner\"><div class=\"wpb_wrapper\"><\/div><\/div><\/div><div class=\"wpb_column vc_column_container vc_col-sm-8\"><div class=\"vc_column-inner\"><div class=\"wpb_wrapper\"><div class=\"wpb_images_carousel wpb_content_element vc_clearfix wpb_content_element\"><div class=\"wpb_wrapper\"><div id=\"vc_images-carousel-1-1776328024\" data-ride=\"vc_carousel\" data-wrap=\"false\" style=\"width: 100%;\" data-interval=\"0\" data-auto-height=\"yes\" data-mode=\"horizontal\" data-partial=\"false\" data-per-view=\"1\" data-hide-on-end=\"true\" class=\"vc_slide vc_images_carousel\"><ol class=\"vc_carousel-indicators\"><li data-target=\"#vc_images-carousel-1-1776328024\" data-slide-to=\"0\"><\/li><li data-target=\"#vc_images-carousel-1-1776328024\" data-slide-to=\"1\"><\/li><li data-target=\"#vc_images-carousel-1-1776328024\" data-slide-to=\"2\"><\/li><\/ol><div class=\"vc_carousel-inner\"><div class=\"vc_carousel-slideline\"><div class=\"vc_carousel-slideline-inner\"><div class=\"vc_item\"><div class=\"vc_inner\"><a class=\"\" href=\"https:\/\/pepe-dubai.com\/wp-content\/uploads\/2025\/08\/WhatsApp-Image-2025-08-18-at-08.41.38-1024x576.jpeg\" data-lightbox=\"lightbox[rel-3735-1523229868]\"><img decoding=\"async\" width=\"1600\" height=\"900\" src=\"https:\/\/pepe-dubai.com\/wp-content\/uploads\/2025\/08\/WhatsApp-Image-2025-08-18-at-08.41.38.jpeg\" class=\"attachment-full\" alt=\"\" title=\"WhatsApp Image 2025-08-18 at 08.41.38\" srcset=\"https:\/\/pepe-dubai.com\/wp-content\/uploads\/2025\/08\/WhatsApp-Image-2025-08-18-at-08.41.38.jpeg 1600w, https:\/\/pepe-dubai.com\/wp-content\/uploads\/2025\/08\/WhatsApp-Image-2025-08-18-at-08.41.38-300x169.jpeg 300w, https:\/\/pepe-dubai.com\/wp-content\/uploads\/2025\/08\/WhatsApp-Image-2025-08-18-at-08.41.38-1024x576.jpeg 1024w, https:\/\/pepe-dubai.com\/wp-content\/uploads\/2025\/08\/WhatsApp-Image-2025-08-18-at-08.41.38-768x432.jpeg 768w, https:\/\/pepe-dubai.com\/wp-content\/uploads\/2025\/08\/WhatsApp-Image-2025-08-18-at-08.41.38-1536x864.jpeg 1536w\" sizes=\"(max-width: 1600px) 100vw, 1600px\" \/><\/a><\/div><\/div><div class=\"vc_item\"><div class=\"vc_inner\"><a class=\"\" href=\"https:\/\/pepe-dubai.com\/wp-content\/uploads\/2025\/08\/pepe-dubai-trattoria-1-2-1024x576.jpeg\" data-lightbox=\"lightbox[rel-3735-1523229868]\"><img decoding=\"async\" width=\"1600\" height=\"900\" src=\"https:\/\/pepe-dubai.com\/wp-content\/uploads\/2025\/08\/pepe-dubai-trattoria-1-2.jpeg\" class=\"attachment-full\" alt=\"\" title=\"pepe-dubai-trattoria-1\" srcset=\"https:\/\/pepe-dubai.com\/wp-content\/uploads\/2025\/08\/pepe-dubai-trattoria-1-2.jpeg 1600w, https:\/\/pepe-dubai.com\/wp-content\/uploads\/2025\/08\/pepe-dubai-trattoria-1-2-300x169.jpeg 300w, https:\/\/pepe-dubai.com\/wp-content\/uploads\/2025\/08\/pepe-dubai-trattoria-1-2-1024x576.jpeg 1024w, https:\/\/pepe-dubai.com\/wp-content\/uploads\/2025\/08\/pepe-dubai-trattoria-1-2-768x432.jpeg 768w, https:\/\/pepe-dubai.com\/wp-content\/uploads\/2025\/08\/pepe-dubai-trattoria-1-2-1536x864.jpeg 1536w\" sizes=\"(max-width: 1600px) 100vw, 1600px\" \/><\/a><\/div><\/div><div class=\"vc_item\"><div class=\"vc_inner\"><a class=\"\" href=\"https:\/\/pepe-dubai.com\/wp-content\/uploads\/2025\/08\/slider-pure-italian-trattoria-pepe-dubai-1024x576.jpg\" data-lightbox=\"lightbox[rel-3735-1523229868]\"><img loading=\"lazy\" decoding=\"async\" width=\"1600\" height=\"900\" src=\"https:\/\/pepe-dubai.com\/wp-content\/uploads\/2025\/08\/slider-pure-italian-trattoria-pepe-dubai.jpg\" class=\"attachment-full\" alt=\"\" title=\"slider-pure-italian-trattoria-pepe-dubai\" srcset=\"https:\/\/pepe-dubai.com\/wp-content\/uploads\/2025\/08\/slider-pure-italian-trattoria-pepe-dubai.jpg 1600w, https:\/\/pepe-dubai.com\/wp-content\/uploads\/2025\/08\/slider-pure-italian-trattoria-pepe-dubai-300x169.jpg 300w, https:\/\/pepe-dubai.com\/wp-content\/uploads\/2025\/08\/slider-pure-italian-trattoria-pepe-dubai-1024x576.jpg 1024w, https:\/\/pepe-dubai.com\/wp-content\/uploads\/2025\/08\/slider-pure-italian-trattoria-pepe-dubai-768x432.jpg 768w, https:\/\/pepe-dubai.com\/wp-content\/uploads\/2025\/08\/slider-pure-italian-trattoria-pepe-dubai-1536x864.jpg 1536w\" sizes=\"(max-width: 1600px) 100vw, 1600px\" \/><\/a><\/div><\/div><\/div><\/div><\/div><a class=\"vc_left vc_carousel-control\" href=\"#vc_images-carousel-1-1776328024\" data-slide=\"prev\"><span class=\"icon-prev\"><\/span><\/a><a class=\"vc_right vc_carousel-control\" href=\"#vc_images-carousel-1-1776328024\" data-slide=\"next\"><span class=\"icon-next\"><\/span><\/a><\/div><\/div><\/div><\/div><\/div><\/div><div class=\"wpb_column vc_column_container vc_col-sm-2\"><div class=\"vc_column-inner\"><div class=\"wpb_wrapper\"><\/div><\/div><\/div><\/div><div class=\"vc_row wpb_row vc_row-fluid vc_row-o-content-middle vc_row-flex\" ><div class=\"wpb_column vc_column_container vc_col-sm-2\"><div class=\"vc_column-inner\"><div class=\"wpb_wrapper\"><\/div><\/div><\/div><div class=\"wpb_column vc_column_container vc_col-sm-8\"><div class=\"vc_column-inner\"><div class=\"wpb_wrapper\"><div class=\"wpb_images_carousel wpb_content_element vc_clearfix wpb_content_element\"><div class=\"wpb_wrapper\"><div id=\"vc_images-carousel-2-1776328024\" data-ride=\"vc_carousel\" data-wrap=\"false\" style=\"width: 100%;\" data-interval=\"0\" data-auto-height=\"yes\" data-mode=\"horizontal\" data-partial=\"false\" data-per-view=\"1\" data-hide-on-end=\"true\" class=\"vc_slide vc_images_carousel\"><ol class=\"vc_carousel-indicators\"><li data-target=\"#vc_images-carousel-2-1776328024\" data-slide-to=\"0\"><\/li><li data-target=\"#vc_images-carousel-2-1776328024\" data-slide-to=\"1\"><\/li><li data-target=\"#vc_images-carousel-2-1776328024\" data-slide-to=\"2\"><\/li><\/ol><div class=\"vc_carousel-inner\"><div class=\"vc_carousel-slideline\"><div class=\"vc_carousel-slideline-inner\"><div class=\"vc_item\"><div class=\"vc_inner\"><a class=\"\" href=\"https:\/\/pepe-dubai.com\/wp-content\/uploads\/2025\/08\/WhatsApp-Image-2025-08-18-at-08.41.38-1024x576.jpeg\" data-lightbox=\"lightbox[rel-3735-736663776]\"><img decoding=\"async\" width=\"1600\" height=\"900\" src=\"https:\/\/pepe-dubai.com\/wp-content\/uploads\/2025\/08\/WhatsApp-Image-2025-08-18-at-08.41.38.jpeg\" class=\"attachment-full\" alt=\"\" title=\"WhatsApp Image 2025-08-18 at 08.41.38\" srcset=\"https:\/\/pepe-dubai.com\/wp-content\/uploads\/2025\/08\/WhatsApp-Image-2025-08-18-at-08.41.38.jpeg 1600w, https:\/\/pepe-dubai.com\/wp-content\/uploads\/2025\/08\/WhatsApp-Image-2025-08-18-at-08.41.38-300x169.jpeg 300w, https:\/\/pepe-dubai.com\/wp-content\/uploads\/2025\/08\/WhatsApp-Image-2025-08-18-at-08.41.38-1024x576.jpeg 1024w, https:\/\/pepe-dubai.com\/wp-content\/uploads\/2025\/08\/WhatsApp-Image-2025-08-18-at-08.41.38-768x432.jpeg 768w, https:\/\/pepe-dubai.com\/wp-content\/uploads\/2025\/08\/WhatsApp-Image-2025-08-18-at-08.41.38-1536x864.jpeg 1536w\" sizes=\"(max-width: 1600px) 100vw, 1600px\" \/><\/a><\/div><\/div><div class=\"vc_item\"><div class=\"vc_inner\"><a class=\"\" href=\"https:\/\/pepe-dubai.com\/wp-content\/uploads\/2025\/08\/pepe-dubai-trattoria-1-2-1024x576.jpeg\" data-lightbox=\"lightbox[rel-3735-736663776]\"><img decoding=\"async\" width=\"1600\" height=\"900\" src=\"https:\/\/pepe-dubai.com\/wp-content\/uploads\/2025\/08\/pepe-dubai-trattoria-1-2.jpeg\" class=\"attachment-full\" alt=\"\" title=\"pepe-dubai-trattoria-1\" srcset=\"https:\/\/pepe-dubai.com\/wp-content\/uploads\/2025\/08\/pepe-dubai-trattoria-1-2.jpeg 1600w, https:\/\/pepe-dubai.com\/wp-content\/uploads\/2025\/08\/pepe-dubai-trattoria-1-2-300x169.jpeg 300w, https:\/\/pepe-dubai.com\/wp-content\/uploads\/2025\/08\/pepe-dubai-trattoria-1-2-1024x576.jpeg 1024w, https:\/\/pepe-dubai.com\/wp-content\/uploads\/2025\/08\/pepe-dubai-trattoria-1-2-768x432.jpeg 768w, https:\/\/pepe-dubai.com\/wp-content\/uploads\/2025\/08\/pepe-dubai-trattoria-1-2-1536x864.jpeg 1536w\" sizes=\"(max-width: 1600px) 100vw, 1600px\" \/><\/a><\/div><\/div><div class=\"vc_item\"><div class=\"vc_inner\"><a class=\"\" href=\"https:\/\/pepe-dubai.com\/wp-content\/uploads\/2025\/08\/slider-pure-italian-trattoria-pepe-dubai-1024x576.jpg\" data-lightbox=\"lightbox[rel-3735-736663776]\"><img loading=\"lazy\" decoding=\"async\" width=\"1600\" height=\"900\" src=\"https:\/\/pepe-dubai.com\/wp-content\/uploads\/2025\/08\/slider-pure-italian-trattoria-pepe-dubai.jpg\" class=\"attachment-full\" alt=\"\" title=\"slider-pure-italian-trattoria-pepe-dubai\" srcset=\"https:\/\/pepe-dubai.com\/wp-content\/uploads\/2025\/08\/slider-pure-italian-trattoria-pepe-dubai.jpg 1600w, https:\/\/pepe-dubai.com\/wp-content\/uploads\/2025\/08\/slider-pure-italian-trattoria-pepe-dubai-300x169.jpg 300w, https:\/\/pepe-dubai.com\/wp-content\/uploads\/2025\/08\/slider-pure-italian-trattoria-pepe-dubai-1024x576.jpg 1024w, https:\/\/pepe-dubai.com\/wp-content\/uploads\/2025\/08\/slider-pure-italian-trattoria-pepe-dubai-768x432.jpg 768w, https:\/\/pepe-dubai.com\/wp-content\/uploads\/2025\/08\/slider-pure-italian-trattoria-pepe-dubai-1536x864.jpg 1536w\" sizes=\"(max-width: 1600px) 100vw, 1600px\" \/><\/a><\/div><\/div><\/div><\/div><\/div><a class=\"vc_left vc_carousel-control\" href=\"#vc_images-carousel-2-1776328024\" data-slide=\"prev\"><span class=\"icon-prev\"><\/span><\/a><a class=\"vc_right vc_carousel-control\" href=\"#vc_images-carousel-2-1776328024\" data-slide=\"next\"><span class=\"icon-next\"><\/span><\/a><\/div><\/div><\/div><\/div><\/div><\/div><div class=\"wpb_column vc_column_container vc_col-sm-2\"><div class=\"vc_column-inner\"><div class=\"wpb_wrapper\"><\/div><\/div><\/div><\/div><div class=\"vc_row wpb_row vc_row-fluid vc_row-o-content-middle vc_row-flex\" ><div class=\"wpb_column vc_column_container vc_col-sm-2\"><div class=\"vc_column-inner\"><div class=\"wpb_wrapper\"><\/div><\/div><\/div><div class=\"wpb_column vc_column_container vc_col-sm-8\"><div class=\"vc_column-inner\"><div class=\"wpb_wrapper\"><div class=\"wpb_images_carousel wpb_content_element vc_clearfix wpb_content_element\"><div class=\"wpb_wrapper\"><div id=\"vc_images-carousel-3-1776328024\" data-ride=\"vc_carousel\" data-wrap=\"false\" style=\"width: 100%;\" data-interval=\"0\" data-auto-height=\"yes\" data-mode=\"horizontal\" data-partial=\"false\" data-per-view=\"1\" data-hide-on-end=\"true\" class=\"vc_slide vc_images_carousel\"><ol class=\"vc_carousel-indicators\"><li data-target=\"#vc_images-carousel-3-1776328024\" data-slide-to=\"0\"><\/li><li data-target=\"#vc_images-carousel-3-1776328024\" data-slide-to=\"1\"><\/li><li data-target=\"#vc_images-carousel-3-1776328024\" data-slide-to=\"2\"><\/li><\/ol><div class=\"vc_carousel-inner\"><div class=\"vc_carousel-slideline\"><div class=\"vc_carousel-slideline-inner\"><div class=\"vc_item\"><div class=\"vc_inner\"><a class=\"\" href=\"https:\/\/pepe-dubai.com\/wp-content\/uploads\/2025\/08\/WhatsApp-Image-2025-08-18-at-08.41.38-1024x576.jpeg\" data-lightbox=\"lightbox[rel-3735-1322917189]\"><img decoding=\"async\" width=\"1600\" height=\"900\" src=\"https:\/\/pepe-dubai.com\/wp-content\/uploads\/2025\/08\/WhatsApp-Image-2025-08-18-at-08.41.38.jpeg\" class=\"attachment-full\" alt=\"\" title=\"WhatsApp Image 2025-08-18 at 08.41.38\" srcset=\"https:\/\/pepe-dubai.com\/wp-content\/uploads\/2025\/08\/WhatsApp-Image-2025-08-18-at-08.41.38.jpeg 1600w, https:\/\/pepe-dubai.com\/wp-content\/uploads\/2025\/08\/WhatsApp-Image-2025-08-18-at-08.41.38-300x169.jpeg 300w, https:\/\/pepe-dubai.com\/wp-content\/uploads\/2025\/08\/WhatsApp-Image-2025-08-18-at-08.41.38-1024x576.jpeg 1024w, https:\/\/pepe-dubai.com\/wp-content\/uploads\/2025\/08\/WhatsApp-Image-2025-08-18-at-08.41.38-768x432.jpeg 768w, https:\/\/pepe-dubai.com\/wp-content\/uploads\/2025\/08\/WhatsApp-Image-2025-08-18-at-08.41.38-1536x864.jpeg 1536w\" sizes=\"(max-width: 1600px) 100vw, 1600px\" \/><\/a><\/div><\/div><div class=\"vc_item\"><div class=\"vc_inner\"><a class=\"\" href=\"https:\/\/pepe-dubai.com\/wp-content\/uploads\/2025\/08\/pepe-dubai-trattoria-1-2-1024x576.jpeg\" data-lightbox=\"lightbox[rel-3735-1322917189]\"><img decoding=\"async\" width=\"1600\" height=\"900\" src=\"https:\/\/pepe-dubai.com\/wp-content\/uploads\/2025\/08\/pepe-dubai-trattoria-1-2.jpeg\" class=\"attachment-full\" alt=\"\" title=\"pepe-dubai-trattoria-1\" srcset=\"https:\/\/pepe-dubai.com\/wp-content\/uploads\/2025\/08\/pepe-dubai-trattoria-1-2.jpeg 1600w, https:\/\/pepe-dubai.com\/wp-content\/uploads\/2025\/08\/pepe-dubai-trattoria-1-2-300x169.jpeg 300w, https:\/\/pepe-dubai.com\/wp-content\/uploads\/2025\/08\/pepe-dubai-trattoria-1-2-1024x576.jpeg 1024w, https:\/\/pepe-dubai.com\/wp-content\/uploads\/2025\/08\/pepe-dubai-trattoria-1-2-768x432.jpeg 768w, https:\/\/pepe-dubai.com\/wp-content\/uploads\/2025\/08\/pepe-dubai-trattoria-1-2-1536x864.jpeg 1536w\" sizes=\"(max-width: 1600px) 100vw, 1600px\" \/><\/a><\/div><\/div><div class=\"vc_item\"><div class=\"vc_inner\"><a class=\"\" href=\"https:\/\/pepe-dubai.com\/wp-content\/uploads\/2025\/08\/slider-pure-italian-trattoria-pepe-dubai-1024x576.jpg\" data-lightbox=\"lightbox[rel-3735-1322917189]\"><img loading=\"lazy\" decoding=\"async\" width=\"1600\" height=\"900\" src=\"https:\/\/pepe-dubai.com\/wp-content\/uploads\/2025\/08\/slider-pure-italian-trattoria-pepe-dubai.jpg\" class=\"attachment-full\" alt=\"\" title=\"slider-pure-italian-trattoria-pepe-dubai\" srcset=\"https:\/\/pepe-dubai.com\/wp-content\/uploads\/2025\/08\/slider-pure-italian-trattoria-pepe-dubai.jpg 1600w, https:\/\/pepe-dubai.com\/wp-content\/uploads\/2025\/08\/slider-pure-italian-trattoria-pepe-dubai-300x169.jpg 300w, https:\/\/pepe-dubai.com\/wp-content\/uploads\/2025\/08\/slider-pure-italian-trattoria-pepe-dubai-1024x576.jpg 1024w, https:\/\/pepe-dubai.com\/wp-content\/uploads\/2025\/08\/slider-pure-italian-trattoria-pepe-dubai-768x432.jpg 768w, https:\/\/pepe-dubai.com\/wp-content\/uploads\/2025\/08\/slider-pure-italian-trattoria-pepe-dubai-1536x864.jpg 1536w\" sizes=\"(max-width: 1600px) 100vw, 1600px\" \/><\/a><\/div><\/div><\/div><\/div><\/div><a class=\"vc_left vc_carousel-control\" href=\"#vc_images-carousel-3-1776328024\" data-slide=\"prev\"><span class=\"icon-prev\"><\/span><\/a><a class=\"vc_right vc_carousel-control\" href=\"#vc_images-carousel-3-1776328024\" data-slide=\"next\"><span class=\"icon-next\"><\/span><\/a><\/div><\/div><\/div><\/div><\/div><\/div><div class=\"wpb_column vc_column_container vc_col-sm-2\"><div class=\"vc_column-inner\"><div class=\"wpb_wrapper\"><\/div><\/div><\/div><\/div><div class=\"qodef-row-grid-section-wrapper\"  ><div class=\"qodef-row-grid-section\"><div class=\"vc_row wpb_row vc_row-fluid vc_custom_1571665488555\" ><div class=\"wpb_column vc_column_container vc_col-sm-12\"><div class=\"vc_column-inner\"><div class=\"wpb_wrapper\">\n<div class=\"vc_grid-container-wrapper vc_clearfix vc_grid-animation-zoomIn\">\n\t<div class=\"vc_grid-container vc_clearfix wpb_content_element vc_masonry_media_grid\" data-initial-loading-animation=\"zoomIn\" data-vc-grid-settings=\"{&quot;page_id&quot;:3735,&quot;style&quot;:&quot;all-masonry&quot;,&quot;action&quot;:&quot;vc_get_vc_grid_data&quot;,&quot;shortcode_id&quot;:&quot;1756470770154-6f85d685-4e86-5&quot;,&quot;tag&quot;:&quot;vc_masonry_media_grid&quot;}\" data-vc-request=\"https:\/\/pepe-dubai.com\/wp-admin\/admin-ajax.php\" data-vc-post-id=\"3735\" data-vc-public-nonce=\"28cb8139d7\">\n\t\t\n\t<\/div>\n<\/div><\/div><\/div><\/div><\/div><\/div><\/div>\n<\/div>","protected":false},"excerpt":{"rendered":"FROM PEPE THE ITALIAN MENU An explosive menu featuring iconic Italian classics, made with exceptional ingredients and reimagined with a bold twist. Take a seat at the golden Siena marble bar, sip on a perfectly mixed Paloma Anderson, and let the journey begin.","protected":false},"author":1,"featured_media":0,"parent":0,"menu_order":0,"comment_status":"closed","ping_status":"closed","template":"full-width.php","meta":{"footnotes":""},"class_list":["post-3735","page","type-page","status-publish","hentry"],"yoast_head":"<!-- This site is optimized with the Yoast SEO plugin v26.6 - https:\/\/yoast.com\/wordpress\/plugins\/seo\/ -->\n<title>Pepe Dubai Menu | Authentic Italian Pasta, Pizza &amp; Aperitivo at JBR<\/title>\n<meta name=\"description\" content=\"Explore Pepe Dubai\u2019s menu featuring authentic Italian pasta, artisan pizza, aperitivo cocktails &amp; gourmet dishes served in a stylish Dolce Vita setting at JBR.\" \/>\n<meta name=\"robots\" content=\"index, follow, max-snippet:-1, max-image-preview:large, max-video-preview:-1\" \/>\n<link rel=\"canonical\" href=\"https:\/\/pepe-dubai.com\/fr\/restaurant-menu-2\/\" \/>\n<meta property=\"og:locale\" content=\"fr_FR\" \/>\n<meta property=\"og:type\" content=\"article\" \/>\n<meta property=\"og:title\" content=\"Pepe Dubai Menu | Authentic Italian Pasta, Pizza &amp; Aperitivo at JBR\" \/>\n<meta property=\"og:description\" content=\"Explore Pepe Dubai\u2019s menu featuring authentic Italian pasta, artisan pizza, aperitivo cocktails &amp; gourmet dishes served in a stylish Dolce Vita setting at JBR.\" \/>\n<meta property=\"og:url\" content=\"https:\/\/pepe-dubai.com\/fr\/restaurant-menu-2\/\" \/>\n<meta property=\"og:site_name\" content=\"Pepe Dubai\" \/>\n<meta property=\"article:modified_time\" content=\"2025-11-05T16:09:28+00:00\" \/>\n<meta name=\"twitter:card\" content=\"summary_large_image\" \/>\n<meta name=\"twitter:label1\" content=\"Dur\u00e9e de lecture estim\u00e9e\" \/>\n\t<meta name=\"twitter:data1\" content=\"1 minute\" \/>\n<script type=\"application\/ld+json\" class=\"yoast-schema-graph\">{\"@context\":\"https:\/\/schema.org\",\"@graph\":[{\"@type\":\"WebPage\",\"@id\":\"https:\/\/pepe-dubai.com\/restaurant-menu-2\/\",\"url\":\"https:\/\/pepe-dubai.com\/restaurant-menu-2\/\",\"name\":\"Pepe Dubai Menu | Authentic Italian Pasta, Pizza & Aperitivo at JBR\",\"isPartOf\":{\"@id\":\"https:\/\/pepe-dubai.com\/#website\"},\"datePublished\":\"2025-08-27T21:50:43+00:00\",\"dateModified\":\"2025-11-05T16:09:28+00:00\",\"description\":\"Explore Pepe Dubai\u2019s menu featuring authentic Italian pasta, artisan pizza, aperitivo cocktails & gourmet dishes served in a stylish Dolce Vita setting at JBR.\",\"breadcrumb\":{\"@id\":\"https:\/\/pepe-dubai.com\/restaurant-menu-2\/#breadcrumb\"},\"inLanguage\":\"fr-FR\",\"potentialAction\":[{\"@type\":\"ReadAction\",\"target\":[\"https:\/\/pepe-dubai.com\/restaurant-menu-2\/\"]}]},{\"@type\":\"BreadcrumbList\",\"@id\":\"https:\/\/pepe-dubai.com\/restaurant-menu-2\/#breadcrumb\",\"itemListElement\":[{\"@type\":\"ListItem\",\"position\":1,\"name\":\"Accueil\",\"item\":\"https:\/\/pepe-dubai.com\/\"},{\"@type\":\"ListItem\",\"position\":2,\"name\":\"Menu\"}]},{\"@type\":\"WebSite\",\"@id\":\"https:\/\/pepe-dubai.com\/#website\",\"url\":\"https:\/\/pepe-dubai.com\/\",\"name\":\"Pepe Dubai\",\"description\":\"The Italian Trattoria in Dubai , at the Address Beach Resort\",\"potentialAction\":[{\"@type\":\"SearchAction\",\"target\":{\"@type\":\"EntryPoint\",\"urlTemplate\":\"https:\/\/pepe-dubai.com\/?s={search_term_string}\"},\"query-input\":{\"@type\":\"PropertyValueSpecification\",\"valueRequired\":true,\"valueName\":\"search_term_string\"}}],\"inLanguage\":\"fr-FR\"}]}<\/script>\n<!-- \/ Yoast SEO plugin. -->","yoast_head_json":{"title":"Pepe Dubai Menu | Authentic Italian Pasta, Pizza & Aperitivo at JBR","description":"Explore Pepe Dubai\u2019s menu featuring authentic Italian pasta, artisan pizza, aperitivo cocktails & gourmet dishes served in a stylish Dolce Vita setting at JBR.","robots":{"index":"index","follow":"follow","max-snippet":"max-snippet:-1","max-image-preview":"max-image-preview:large","max-video-preview":"max-video-preview:-1"},"canonical":"https:\/\/pepe-dubai.com\/fr\/restaurant-menu-2\/","og_locale":"fr_FR","og_type":"article","og_title":"Pepe Dubai Menu | Authentic Italian Pasta, Pizza & Aperitivo at JBR","og_description":"Explore Pepe Dubai\u2019s menu featuring authentic Italian pasta, artisan pizza, aperitivo cocktails & gourmet dishes served in a stylish Dolce Vita setting at JBR.","og_url":"https:\/\/pepe-dubai.com\/fr\/restaurant-menu-2\/","og_site_name":"Pepe Dubai","article_modified_time":"2025-11-05T16:09:28+00:00","twitter_card":"summary_large_image","twitter_misc":{"Dur\u00e9e de lecture estim\u00e9e":"1 minute"},"schema":{"@context":"https:\/\/schema.org","@graph":[{"@type":"WebPage","@id":"https:\/\/pepe-dubai.com\/restaurant-menu-2\/","url":"https:\/\/pepe-dubai.com\/restaurant-menu-2\/","name":"Pepe Dubai Menu | Authentic Italian Pasta, Pizza & Aperitivo at JBR","isPartOf":{"@id":"https:\/\/pepe-dubai.com\/#website"},"datePublished":"2025-08-27T21:50:43+00:00","dateModified":"2025-11-05T16:09:28+00:00","description":"Explore Pepe Dubai\u2019s menu featuring authentic Italian pasta, artisan pizza, aperitivo cocktails & gourmet dishes served in a stylish Dolce Vita setting at JBR.","breadcrumb":{"@id":"https:\/\/pepe-dubai.com\/restaurant-menu-2\/#breadcrumb"},"inLanguage":"fr-FR","potentialAction":[{"@type":"ReadAction","target":["https:\/\/pepe-dubai.com\/restaurant-menu-2\/"]}]},{"@type":"BreadcrumbList","@id":"https:\/\/pepe-dubai.com\/restaurant-menu-2\/#breadcrumb","itemListElement":[{"@type":"ListItem","position":1,"name":"Accueil","item":"https:\/\/pepe-dubai.com\/"},{"@type":"ListItem","position":2,"name":"Menu"}]},{"@type":"WebSite","@id":"https:\/\/pepe-dubai.com\/#website","url":"https:\/\/pepe-dubai.com\/","name":"Pepe Duba\u00ef","description":"The Italian Trattoria \u00e0 Duba\u00ef, \u00e0 l'Address Beach Resort","potentialAction":[{"@type":"SearchAction","target":{"@type":"EntryPoint","urlTemplate":"https:\/\/pepe-dubai.com\/?s={search_term_string}"},"query-input":{"@type":"PropertyValueSpecification","valueRequired":true,"valueName":"search_term_string"}}],"inLanguage":"fr-FR"}]}},"_links":{"self":[{"href":"https:\/\/pepe-dubai.com\/fr\/wp-json\/wp\/v2\/pages\/3735","targetHints":{"allow":["GET"]}}],"collection":[{"href":"https:\/\/pepe-dubai.com\/fr\/wp-json\/wp\/v2\/pages"}],"about":[{"href":"https:\/\/pepe-dubai.com\/fr\/wp-json\/wp\/v2\/types\/page"}],"author":[{"embeddable":true,"href":"https:\/\/pepe-dubai.com\/fr\/wp-json\/wp\/v2\/users\/1"}],"replies":[{"embeddable":true,"href":"https:\/\/pepe-dubai.com\/fr\/wp-json\/wp\/v2\/comments?post=3735"}],"version-history":[{"count":9,"href":"https:\/\/pepe-dubai.com\/fr\/wp-json\/wp\/v2\/pages\/3735\/revisions"}],"predecessor-version":[{"id":3768,"href":"https:\/\/pepe-dubai.com\/fr\/wp-json\/wp\/v2\/pages\/3735\/revisions\/3768"}],"wp:attachment":[{"href":"https:\/\/pepe-dubai.com\/fr\/wp-json\/wp\/v2\/media?parent=3735"}],"curies":[{"name":"wp","href":"https:\/\/api.w.org\/{rel}","templated":true}]}}