{"id":2386,"date":"2019-11-19T13:47:02","date_gmt":"2019-11-19T13:47:02","guid":{"rendered":"https:\/\/donpeppe.qodeinteractive.com\/?page_id=2386"},"modified":"2025-11-19T09:47:25","modified_gmt":"2025-11-19T09:47:25","slug":"gallery-moments","status":"publish","type":"page","link":"https:\/\/pepe-dubai.com\/fr\/gallery-moments\/","title":{"rendered":"Moments"},"content":{"rendered":"<div class=\"wpb-content-wrapper\"><div class=\"vc_row wpb_row vc_row-fluid vc_custom_1755708152575\" ><div class=\"wpb_column vc_column_container vc_col-sm-12\"><div class=\"vc_column-inner\"><div class=\"wpb_wrapper\"><div class=\"qodef-banner-holder  qodef-visible-on-hover qodef-banner-info-default\" data-content-class=\"qodef-bn-custom-4924\">\n    <div class=\"qodef-banner-image\">\n        <img fetchpriority=\"high\" decoding=\"async\" width=\"2560\" height=\"675\" src=\"https:\/\/pepe-dubai.com\/wp-content\/uploads\/2019\/10\/about-us-title-img.jpg\" class=\"attachment-full size-full\" alt=\"d\" srcset=\"https:\/\/pepe-dubai.com\/wp-content\/uploads\/2019\/10\/about-us-title-img.jpg 2560w, https:\/\/pepe-dubai.com\/wp-content\/uploads\/2019\/10\/about-us-title-img-300x79.jpg 300w, https:\/\/pepe-dubai.com\/wp-content\/uploads\/2019\/10\/about-us-title-img-1024x270.jpg 1024w, https:\/\/pepe-dubai.com\/wp-content\/uploads\/2019\/10\/about-us-title-img-768x203.jpg 768w, https:\/\/pepe-dubai.com\/wp-content\/uploads\/2019\/10\/about-us-title-img-1536x405.jpg 1536w\" sizes=\"(max-width: 2560px) 100vw, 2560px\" \/>    <\/div>\n    <div class=\"qodef-banner-text-holder qodef-bn-custom-4924\" >\n\t    <div class=\"qodef-banner-text-outer\">\n\t\t    <div class=\"qodef-banner-text-inner\">\n\t\t                        \t\t\t\t\t\t\t<\/div>\n\t\t<\/div>\n\t<\/div>\n\t    <\/div>\n\t<div class=\"wpb_text_column wpb_content_element\" >\n\t\t<div class=\"wpb_wrapper\">\n\t\t\t<h1 style=\"text-align: center;\">Moments Pepe<\/h1>\n\n\t\t<\/div>\n\t<\/div>\n<\/div><\/div><\/div><\/div><div class=\"vc_row wpb_row vc_row-fluid\" ><div class=\"wpb_column vc_column_container vc_col-sm-12\"><div class=\"vc_column-inner\"><div class=\"wpb_wrapper\">\n<div class=\"vc_grid-container-wrapper vc_clearfix vc_grid-animation-zoomIn\">\n\t<div class=\"vc_grid-container vc_clearfix wpb_content_element vc_masonry_media_grid\" data-initial-loading-animation=\"zoomIn\" data-vc-grid-settings=\"{&quot;page_id&quot;:2386,&quot;style&quot;:&quot;all-masonry&quot;,&quot;action&quot;:&quot;vc_get_vc_grid_data&quot;,&quot;shortcode_id&quot;:&quot;1763545486579-d1c869cb-45b8-5&quot;,&quot;tag&quot;:&quot;vc_masonry_media_grid&quot;}\" data-vc-request=\"https:\/\/pepe-dubai.com\/wp-admin\/admin-ajax.php\" data-vc-post-id=\"2386\" data-vc-public-nonce=\"4bb6abb97e\">\n\t\t\n\t<\/div>\n<\/div><\/div><\/div><\/div><\/div><div class=\"vc_row wpb_row vc_row-fluid\" ><div class=\"wpb_column vc_column_container vc_col-sm-12\"><div class=\"vc_column-inner\"><div class=\"wpb_wrapper\"><\/div><\/div><\/div><\/div>\n<\/div>","protected":false},"excerpt":{"rendered":"Moments Pepe","protected":false},"author":1,"featured_media":0,"parent":0,"menu_order":0,"comment_status":"closed","ping_status":"closed","template":"full-width.php","meta":{"footnotes":""},"class_list":["post-2386","page","type-page","status-publish","hentry"],"yoast_head":"<!-- This site is optimized with the Yoast SEO plugin v26.6 - https:\/\/yoast.com\/wordpress\/plugins\/seo\/ -->\n<title>Moments - Pepe Dubai<\/title>\n<meta name=\"robots\" content=\"index, follow, max-snippet:-1, max-image-preview:large, max-video-preview:-1\" \/>\n<link rel=\"canonical\" href=\"https:\/\/pepe-dubai.com\/fr\/gallery-moments\/\" \/>\n<meta property=\"og:locale\" content=\"fr_FR\" \/>\n<meta property=\"og:type\" content=\"article\" \/>\n<meta property=\"og:title\" content=\"Moments - Pepe Dubai\" \/>\n<meta property=\"og:url\" content=\"https:\/\/pepe-dubai.com\/fr\/gallery-moments\/\" \/>\n<meta property=\"og:site_name\" content=\"Pepe Dubai\" \/>\n<meta property=\"article:modified_time\" content=\"2025-11-19T09:47:25+00:00\" \/>\n<meta name=\"twitter:card\" content=\"summary_large_image\" \/>\n<meta name=\"twitter:label1\" content=\"Dur\u00e9e de lecture estim\u00e9e\" \/>\n\t<meta name=\"twitter:data1\" content=\"1 minute\" \/>\n<script type=\"application\/ld+json\" class=\"yoast-schema-graph\">{\"@context\":\"https:\/\/schema.org\",\"@graph\":[{\"@type\":\"WebPage\",\"@id\":\"https:\/\/pepe-dubai.com\/gallery-moments\/\",\"url\":\"https:\/\/pepe-dubai.com\/gallery-moments\/\",\"name\":\"Moments - Pepe Dubai\",\"isPartOf\":{\"@id\":\"https:\/\/pepe-dubai.com\/#website\"},\"datePublished\":\"2019-11-19T13:47:02+00:00\",\"dateModified\":\"2025-11-19T09:47:25+00:00\",\"breadcrumb\":{\"@id\":\"https:\/\/pepe-dubai.com\/gallery-moments\/#breadcrumb\"},\"inLanguage\":\"fr-FR\",\"potentialAction\":[{\"@type\":\"ReadAction\",\"target\":[\"https:\/\/pepe-dubai.com\/gallery-moments\/\"]}]},{\"@type\":\"BreadcrumbList\",\"@id\":\"https:\/\/pepe-dubai.com\/gallery-moments\/#breadcrumb\",\"itemListElement\":[{\"@type\":\"ListItem\",\"position\":1,\"name\":\"Accueil\",\"item\":\"https:\/\/pepe-dubai.com\/\"},{\"@type\":\"ListItem\",\"position\":2,\"name\":\"Moments\"}]},{\"@type\":\"WebSite\",\"@id\":\"https:\/\/pepe-dubai.com\/#website\",\"url\":\"https:\/\/pepe-dubai.com\/\",\"name\":\"Pepe Dubai\",\"description\":\"The Italian Trattoria in Dubai , at the Address Beach Resort\",\"potentialAction\":[{\"@type\":\"SearchAction\",\"target\":{\"@type\":\"EntryPoint\",\"urlTemplate\":\"https:\/\/pepe-dubai.com\/?s={search_term_string}\"},\"query-input\":{\"@type\":\"PropertyValueSpecification\",\"valueRequired\":true,\"valueName\":\"search_term_string\"}}],\"inLanguage\":\"fr-FR\"}]}<\/script>\n<!-- \/ Yoast SEO plugin. -->","yoast_head_json":{"title":"Moments - Pepe Dubai","robots":{"index":"index","follow":"follow","max-snippet":"max-snippet:-1","max-image-preview":"max-image-preview:large","max-video-preview":"max-video-preview:-1"},"canonical":"https:\/\/pepe-dubai.com\/fr\/gallery-moments\/","og_locale":"fr_FR","og_type":"article","og_title":"Moments - Pepe Dubai","og_url":"https:\/\/pepe-dubai.com\/fr\/gallery-moments\/","og_site_name":"Pepe Dubai","article_modified_time":"2025-11-19T09:47:25+00:00","twitter_card":"summary_large_image","twitter_misc":{"Dur\u00e9e de lecture estim\u00e9e":"1 minute"},"schema":{"@context":"https:\/\/schema.org","@graph":[{"@type":"WebPage","@id":"https:\/\/pepe-dubai.com\/gallery-moments\/","url":"https:\/\/pepe-dubai.com\/gallery-moments\/","name":"Moments - Pepe Dubai","isPartOf":{"@id":"https:\/\/pepe-dubai.com\/#website"},"datePublished":"2019-11-19T13:47:02+00:00","dateModified":"2025-11-19T09:47:25+00:00","breadcrumb":{"@id":"https:\/\/pepe-dubai.com\/gallery-moments\/#breadcrumb"},"inLanguage":"fr-FR","potentialAction":[{"@type":"ReadAction","target":["https:\/\/pepe-dubai.com\/gallery-moments\/"]}]},{"@type":"BreadcrumbList","@id":"https:\/\/pepe-dubai.com\/gallery-moments\/#breadcrumb","itemListElement":[{"@type":"ListItem","position":1,"name":"Accueil","item":"https:\/\/pepe-dubai.com\/"},{"@type":"ListItem","position":2,"name":"Moments"}]},{"@type":"WebSite","@id":"https:\/\/pepe-dubai.com\/#website","url":"https:\/\/pepe-dubai.com\/","name":"Pepe Duba\u00ef","description":"The Italian Trattoria \u00e0 Duba\u00ef, \u00e0 l'Address Beach Resort","potentialAction":[{"@type":"SearchAction","target":{"@type":"EntryPoint","urlTemplate":"https:\/\/pepe-dubai.com\/?s={search_term_string}"},"query-input":{"@type":"PropertyValueSpecification","valueRequired":true,"valueName":"search_term_string"}}],"inLanguage":"fr-FR"}]}},"_links":{"self":[{"href":"https:\/\/pepe-dubai.com\/fr\/wp-json\/wp\/v2\/pages\/2386","targetHints":{"allow":["GET"]}}],"collection":[{"href":"https:\/\/pepe-dubai.com\/fr\/wp-json\/wp\/v2\/pages"}],"about":[{"href":"https:\/\/pepe-dubai.com\/fr\/wp-json\/wp\/v2\/types\/page"}],"author":[{"embeddable":true,"href":"https:\/\/pepe-dubai.com\/fr\/wp-json\/wp\/v2\/users\/1"}],"replies":[{"embeddable":true,"href":"https:\/\/pepe-dubai.com\/fr\/wp-json\/wp\/v2\/comments?post=2386"}],"version-history":[{"count":16,"href":"https:\/\/pepe-dubai.com\/fr\/wp-json\/wp\/v2\/pages\/2386\/revisions"}],"predecessor-version":[{"id":3848,"href":"https:\/\/pepe-dubai.com\/fr\/wp-json\/wp\/v2\/pages\/2386\/revisions\/3848"}],"wp:attachment":[{"href":"https:\/\/pepe-dubai.com\/fr\/wp-json\/wp\/v2\/media?parent=2386"}],"curies":[{"name":"wp","href":"https:\/\/api.w.org\/{rel}","templated":true}]}}