{"id":1440,"date":"2019-10-22T08:53:13","date_gmt":"2019-10-22T08:53:13","guid":{"rendered":"https:\/\/donpeppe.qodeinteractive.com\/?page_id=1440"},"modified":"2026-01-07T12:16:29","modified_gmt":"2026-01-07T12:16:29","slug":"our-services","status":"publish","type":"page","link":"https:\/\/pepe-dubai.com\/fr\/our-services\/","title":{"rendered":"D\u00e9couvrez le glamour et le style de vie italiens"},"content":{"rendered":"<div class=\"wpb-content-wrapper\"><div class=\"qodef-row-grid-section-wrapper\"  ><div class=\"qodef-row-grid-section\"><div class=\"vc_row wpb_row vc_row-fluid vc_custom_1573737080883\" ><div class=\"wpb_column vc_column_container vc_col-sm-12 vc_col-lg-4 vc_col-md-6\"><div class=\"vc_column-inner\"><div class=\"wpb_wrapper\"><div class=\"qodef-single-image-holder    qodef-appear-none\">\n    <div class=\"qodef-si-inner\" >\n                                    <img fetchpriority=\"high\" decoding=\"async\" width=\"746\" height=\"560\" src=\"https:\/\/pepe-dubai.com\/wp-content\/uploads\/2025\/08\/pepe-adults-playground-games-dubai.jpg\" class=\"attachment-full size-full\" alt=\"\" srcset=\"https:\/\/pepe-dubai.com\/wp-content\/uploads\/2025\/08\/pepe-adults-playground-games-dubai.jpg 746w, https:\/\/pepe-dubai.com\/wp-content\/uploads\/2025\/08\/pepe-adults-playground-games-dubai-300x225.jpg 300w\" sizes=\"(max-width: 746px) 100vw, 746px\" \/>                                <\/div>\n<\/div><div class=\"vc_empty_space\"   style=\"height: 27px\"><span class=\"vc_empty_space_inner\"><\/span><\/div><div class=\"qodef-section-title-holder\" >\n\t<div class=\"qodef-st-inner\">\n        \t\t\t\t\t<h3 class=\"qodef-st-title\" style=\"color: #678A71\">\n                                    Jeux pour adultes et cocktails italiens \u00e0 Duba\u00ef                            <\/h3>\n\t\t\t\t\t\t\t<p class=\"qodef-st-text\" style=\"margin-top: 12px\">\n\t\t\t\tBillard, \u00e9checs, cartes, dominos et un \u00e9l\u00e9gant bar \u00e0 cocktails italien. Votre terrain de jeu, vos r\u00e8gles.\t\t\t<\/p>\n\t\t\t\t\t<\/div>\n<\/div><\/div><\/div><\/div><div class=\"wpb_column vc_column_container vc_col-sm-12 vc_col-lg-4 vc_col-md-6\"><div class=\"vc_column-inner\"><div class=\"wpb_wrapper\"><div class=\"qodef-single-image-holder    qodef-appear-none\">\n    <div class=\"qodef-si-inner\" >\n                                    <img decoding=\"async\" width=\"746\" height=\"560\" src=\"https:\/\/pepe-dubai.com\/wp-content\/uploads\/2025\/08\/pepe-aperitivo-dubai.jpg\" class=\"attachment-full size-full\" alt=\"\" srcset=\"https:\/\/pepe-dubai.com\/wp-content\/uploads\/2025\/08\/pepe-aperitivo-dubai.jpg 746w, https:\/\/pepe-dubai.com\/wp-content\/uploads\/2025\/08\/pepe-aperitivo-dubai-300x225.jpg 300w\" sizes=\"(max-width: 746px) 100vw, 746px\" \/>                                <\/div>\n<\/div><div class=\"vc_empty_space\"   style=\"height: 27px\"><span class=\"vc_empty_space_inner\"><\/span><\/div><div class=\"qodef-section-title-holder\" >\n\t<div class=\"qodef-st-inner\">\n        \t\t\t\t\t<h3 class=\"qodef-st-title\" style=\"color: #678A71\">\n                                    Aperitivo spritz et coucher de soleil \u00e0 Duba\u00ef                            <\/h3>\n\t\t\t\t\t\t\t<p class=\"qodef-st-text\" style=\"margin-top: 12px\">\n\t\t\t\tDe 16 \u00e0 19 heures, sirotez votre spritz et regardez le coucher de soleil italien envahir Duba\u00ef.\t\t\t<\/p>\n\t\t\t\t\t<\/div>\n<\/div><\/div><\/div><\/div><div class=\"wpb_column vc_column_container vc_col-sm-12 vc_col-lg-4 vc_col-md-6\"><div class=\"vc_column-inner\"><div class=\"wpb_wrapper\"><div class=\"qodef-single-image-holder    qodef-appear-none\">\n    <div class=\"qodef-si-inner\" >\n                                    <img decoding=\"async\" width=\"746\" height=\"560\" src=\"https:\/\/pepe-dubai.com\/wp-content\/uploads\/2025\/08\/pepe-kids-playground-dubai.jpg\" class=\"attachment-full size-full\" alt=\"\" srcset=\"https:\/\/pepe-dubai.com\/wp-content\/uploads\/2025\/08\/pepe-kids-playground-dubai.jpg 746w, https:\/\/pepe-dubai.com\/wp-content\/uploads\/2025\/08\/pepe-kids-playground-dubai-300x225.jpg 300w\" sizes=\"(max-width: 746px) 100vw, 746px\" \/>                                <\/div>\n<\/div><div class=\"vc_empty_space\"   style=\"height: 27px\"><span class=\"vc_empty_space_inner\"><\/span><\/div><div class=\"qodef-section-title-holder\" >\n\t<div class=\"qodef-st-inner\">\n        \t\t\t\t\t<h3 class=\"qodef-st-title\" style=\"color: #678A71\">\n                                    Club et activit\u00e9s pour enfants \u00e0 The Address Beach Resort                            <\/h3>\n\t\t\t\t\t\t\t<p class=\"qodef-st-text\" style=\"margin-top: 12px\">\n\t\t\t\tUn monde r\u00e9serv\u00e9 aux enfants : cin\u00e9ma en plein air, voitures \u00e0 p\u00e9dales, jeux \u00e9ducatifs amusants, club int\u00e9rieur et ext\u00e9rieur. Pour les enfants de 2 \u00e0 10 ans.\t\t\t<\/p>\n\t\t\t\t\t<\/div>\n<\/div><\/div><\/div><\/div><\/div><\/div><\/div><div class=\"vc_row wpb_row vc_row-fluid\" ><div class=\"wpb_column vc_column_container vc_col-sm-12\"><div class=\"vc_column-inner\"><div class=\"wpb_wrapper\">\n<div class=\"vc_grid-container-wrapper vc_clearfix vc_grid-animation-zoomIn\">\n\t<div class=\"vc_grid-container vc_clearfix wpb_content_element vc_masonry_media_grid\" data-initial-loading-animation=\"zoomIn\" data-vc-grid-settings=\"{&quot;page_id&quot;:1440,&quot;style&quot;:&quot;all-masonry&quot;,&quot;action&quot;:&quot;vc_get_vc_grid_data&quot;,&quot;shortcode_id&quot;:&quot;1767788172451-99ea9177-243c-0&quot;,&quot;tag&quot;:&quot;vc_masonry_media_grid&quot;}\" data-vc-request=\"https:\/\/pepe-dubai.com\/wp-admin\/admin-ajax.php\" data-vc-post-id=\"1440\" data-vc-public-nonce=\"4bb6abb97e\">\n\t\t\n\t<\/div>\n<\/div><\/div><\/div><\/div><\/div><div class=\"qodef-row-grid-section-wrapper\"  ><div class=\"qodef-row-grid-section\"><div class=\"vc_row wpb_row vc_row-fluid vc_custom_1573737080883\" ><div class=\"wpb_column vc_column_container vc_col-sm-12 vc_col-lg-4 vc_col-md-6\"><div class=\"vc_column-inner\"><div class=\"wpb_wrapper\"><div class=\"qodef-single-image-holder    qodef-appear-none\">\n    <div class=\"qodef-si-inner\" >\n                                    <img loading=\"lazy\" decoding=\"async\" width=\"746\" height=\"560\" src=\"https:\/\/pepe-dubai.com\/wp-content\/uploads\/2025\/08\/pepe-crazypizza-dubai.jpg\" class=\"attachment-full size-full\" alt=\"\" srcset=\"https:\/\/pepe-dubai.com\/wp-content\/uploads\/2025\/08\/pepe-crazypizza-dubai.jpg 746w, https:\/\/pepe-dubai.com\/wp-content\/uploads\/2025\/08\/pepe-crazypizza-dubai-300x225.jpg 300w\" sizes=\"(max-width: 746px) 100vw, 746px\" \/>                                <\/div>\n<\/div><div class=\"vc_empty_space\"   style=\"height: 27px\"><span class=\"vc_empty_space_inner\"><\/span><\/div><div class=\"qodef-section-title-holder\" >\n\t<div class=\"qodef-st-inner\">\n        \t\t\t\t\t<h3 class=\"qodef-st-title\" style=\"color: #678A71\">\n                                    Spectacle de pizzas \u00e0 Duba\u00ef chez Pepe Trattoria                            <\/h3>\n\t\t\t\t\t\t\t<p class=\"qodef-st-text\" style=\"margin-top: 12px\">\n\t\t\t\tNos chefs et nos serveurs font tourner les pizzas et font tourner les t\u00eates.\t\t\t<\/p>\n\t\t\t\t\t<\/div>\n<\/div><\/div><\/div><\/div><div class=\"wpb_column vc_column_container vc_col-sm-12 vc_col-lg-4 vc_col-md-6\"><div class=\"vc_column-inner\"><div class=\"wpb_wrapper\"><div class=\"qodef-single-image-holder    qodef-appear-none\">\n    <div class=\"qodef-si-inner\" >\n                                    <img loading=\"lazy\" decoding=\"async\" width=\"746\" height=\"560\" src=\"https:\/\/pepe-dubai.com\/wp-content\/uploads\/2025\/08\/pepe-bday-dubai.jpg\" class=\"attachment-full size-full\" alt=\"\" srcset=\"https:\/\/pepe-dubai.com\/wp-content\/uploads\/2025\/08\/pepe-bday-dubai.jpg 746w, https:\/\/pepe-dubai.com\/wp-content\/uploads\/2025\/08\/pepe-bday-dubai-300x225.jpg 300w\" sizes=\"(max-width: 746px) 100vw, 746px\" \/>                                <\/div>\n<\/div><div class=\"vc_empty_space\"   style=\"height: 27px\"><span class=\"vc_empty_space_inner\"><\/span><\/div><div class=\"qodef-section-title-holder\" >\n\t<div class=\"qodef-st-inner\">\n        \t\t\t\t\t<h3 class=\"qodef-st-title\" style=\"color: #678A71\">\n                                    F\u00eates d'anniversaire et \u00e9v\u00e9nements priv\u00e9s \u00e0 Duba\u00ef                            <\/h3>\n\t\t\t\t\t\t\t<p class=\"qodef-st-text\" style=\"margin-top: 12px\">\n\t\t\t\tC\u00e9l\u00e9brez votre journ\u00e9e \u00e0 l'italienne... Anniversaires, surprises et rencontres inoubliables chez Pepe.\t\t\t<\/p>\n\t\t\t\t\t<\/div>\n<\/div><\/div><\/div><\/div><div class=\"wpb_column vc_column_container vc_col-sm-12 vc_col-lg-4 vc_col-md-6\"><div class=\"vc_column-inner\"><div class=\"wpb_wrapper\"><div class=\"qodef-single-image-holder    qodef-appear-none\">\n    <div class=\"qodef-si-inner\" >\n                                    <img loading=\"lazy\" decoding=\"async\" width=\"746\" height=\"560\" src=\"https:\/\/pepe-dubai.com\/wp-content\/uploads\/2025\/08\/pepe-song-dubai.jpg\" class=\"attachment-full size-full\" alt=\"\" srcset=\"https:\/\/pepe-dubai.com\/wp-content\/uploads\/2025\/08\/pepe-song-dubai.jpg 746w, https:\/\/pepe-dubai.com\/wp-content\/uploads\/2025\/08\/pepe-song-dubai-300x225.jpg 300w\" sizes=\"(max-width: 746px) 100vw, 746px\" \/>                                <\/div>\n<\/div><div class=\"vc_empty_space\"   style=\"height: 27px\"><span class=\"vc_empty_space_inner\"><\/span><\/div><div class=\"qodef-section-title-holder\" >\n\t<div class=\"qodef-st-inner\">\n        \t\t\t\t\t<h3 class=\"qodef-st-title\" style=\"color: #678A71\">\n                                    D\u00eener italien en direct \u00e0 Duba\u00ef                            <\/h3>\n\t\t\t\t\t\t\t<p class=\"qodef-st-text\" style=\"margin-top: 12px\">\n\t\t\t\tDes p\u00e2tes avec une chanson ? Ne vous \u00e9tonnez pas si votre serveur vous les sert avec passion et une touche d'op\u00e9ra.\t\t\t<\/p>\n\t\t\t\t\t<\/div>\n<\/div><\/div><\/div><\/div><\/div><\/div><\/div><div class=\"vc_row wpb_row vc_row-fluid vc_custom_1571735283216 vc_row-has-fill\" ><div class=\"wpb_column vc_column_container vc_col-sm-12\"><div class=\"vc_column-inner\"><div class=\"wpb_wrapper\"><div class=\"qodef-row-grid-section-wrapper\" ><div class=\"qodef-row-grid-section\"><div class=\"vc_row wpb_row vc_inner vc_row-fluid\" ><div class=\"wpb_column vc_column_container vc_col-sm-12\"><div class=\"vc_column-inner\"><div class=\"wpb_wrapper\"><div class=\"qodef-elements-holder   qodef-two-columns  qodef-responsive-mode-1024\" ><div class=\"qodef-eh-item\"  data-item-class=\"qodef-eh-custom-2222\" data-769-1024=\"64px 0 97px 0\" data-681-768=\"64px 0 96px 0\" data-680=\"64px 9% 98px 0%\">\n\t<div class=\"qodef-eh-item-inner\">\n\t\t<div class=\"qodef-eh-item-content qodef-eh-custom-2222\" style=\"padding: 64px 0 68px 0\">\n\t\t\t<div class=\"qodef-single-image-holder  qodef-has-shadow  qodef-appear-none\">\n    <div class=\"qodef-si-inner\" >\n                                    <img loading=\"lazy\" decoding=\"async\" width=\"521\" height=\"538\" src=\"https:\/\/pepe-dubai.com\/wp-content\/uploads\/2025\/08\/dices-pepe-experience-dubai.png\" class=\"attachment-full size-full\" alt=\"\" srcset=\"https:\/\/pepe-dubai.com\/wp-content\/uploads\/2025\/08\/dices-pepe-experience-dubai.png 521w, https:\/\/pepe-dubai.com\/wp-content\/uploads\/2025\/08\/dices-pepe-experience-dubai-291x300.png 291w\" sizes=\"(max-width: 521px) 100vw, 521px\" \/>                                        <div class=\"qodef-si-shadow\"><\/div>\n            <\/div>\n<\/div>\t\t<\/div>\n\t<\/div>\n<\/div><div class=\"qodef-eh-item\"  data-item-class=\"qodef-eh-custom-7650\" data-1025-1399=\"0 8% 0 29%\" data-769-1024=\"0 55% 56px 0%\" data-681-768=\"0 27% 46px 0%\" data-680=\"0 0% 45px 0%\">\n\t<div class=\"qodef-eh-item-inner\">\n\t\t<div class=\"qodef-eh-item-content qodef-eh-custom-7650\" style=\"padding: 0 27% 0 19%\">\n\t\t\t<div class=\"qodef-section-title-holder\" style=\"text-align: left\">\n\t<div class=\"qodef-st-inner\">\n                    <span class=\"qodef-st-subtitle\" >\n                TOUS LES JOURS ET TOUT LE MONDE            <\/span>\n        \t\t\t\t\t<h2 class=\"qodef-st-title\" style=\"color: #678A71\">\n                                    Lancez les d\u00e9s, ne payez pas l'addition chez Pepe !                            <\/h2>\n\t\t\t\t\t\t\t<p class=\"qodef-st-text\" style=\"margin-top: 13px\">\n\t\t\t\tLancez les d\u00e9s, obtenez un double six \u201cPe Pe\u201d... et votre facture est gratuite. Vous pouvez d\u00e9j\u00e0 imaginer le visage de la Nonna dans la cuisine.\nRemarque : le jeu de d\u00e9s Pepe n'est disponible que pour les tables de 6 personnes maximum, y compris les enfants.\t\t\t<\/p>\n\t\t\t\t\t<\/div>\n<\/div><div class=\"vc_empty_space\"   style=\"height: 10px\"><span class=\"vc_empty_space_inner\"><\/span><\/div><div class=\"qodef-single-image-holder    qodef-appear-none\">\n    <div class=\"qodef-si-inner\" >\n                                                                    <\/div>\n<\/div>\t\t<\/div>\n\t<\/div>\n<\/div><\/div><\/div><\/div><\/div><\/div><\/div><\/div><\/div><\/div><\/div><\/div><div class=\"qodef-row-grid-section-wrapper\"  ><div class=\"qodef-row-grid-section\"><div class=\"vc_row wpb_row vc_row-fluid vc_custom_1571738705684\" ><div class=\"wpb_column vc_column_container vc_col-sm-12\"><div class=\"vc_column-inner\"><div class=\"wpb_wrapper\"><div class=\"qodef-elements-holder   qodef-one-column  qodef-responsive-mode-768\" ><div class=\"qodef-eh-item\"  data-item-class=\"qodef-eh-custom-4005\" data-1025-1399=\"0 28% 24px\" data-769-1024=\"0 12% 24px\" data-681-768=\"0 2% 24px\" data-680=\"0 0% 24px\">\n\t<div class=\"qodef-eh-item-inner\">\n\t\t<div class=\"qodef-eh-item-content qodef-eh-custom-4005\" style=\"padding: 0 27% 24px\">\n\t\t\t<div class=\"qodef-single-image-holder  qodef-has-shadow  qodef-appear-none\">\n    <div class=\"qodef-si-inner\" >\n                                    <img loading=\"lazy\" decoding=\"async\" width=\"1200\" height=\"1115\" src=\"https:\/\/pepe-dubai.com\/wp-content\/uploads\/2025\/08\/bf7efa074bfcf37ce6c42531fe61b07d.jpg\" class=\"attachment-full size-full\" alt=\"\" srcset=\"https:\/\/pepe-dubai.com\/wp-content\/uploads\/2025\/08\/bf7efa074bfcf37ce6c42531fe61b07d.jpg 1200w, https:\/\/pepe-dubai.com\/wp-content\/uploads\/2025\/08\/bf7efa074bfcf37ce6c42531fe61b07d-300x279.jpg 300w, https:\/\/pepe-dubai.com\/wp-content\/uploads\/2025\/08\/bf7efa074bfcf37ce6c42531fe61b07d-1024x951.jpg 1024w, https:\/\/pepe-dubai.com\/wp-content\/uploads\/2025\/08\/bf7efa074bfcf37ce6c42531fe61b07d-768x714.jpg 768w\" sizes=\"(max-width: 1200px) 100vw, 1200px\" \/>                                        <div class=\"qodef-si-shadow\"><\/div>\n            <\/div>\n<\/div><div class=\"vc_empty_space\"   style=\"height: 17px\"><span class=\"vc_empty_space_inner\"><\/span><\/div><div class=\"qodef-section-title-holder\" style=\"text-align: center\">\n\t<div class=\"qodef-st-inner\">\n                    <span class=\"qodef-st-subtitle\" >\n                Ce que vous obtenez avec nous            <\/span>\n        \t\t\t\t\t<h2 class=\"qodef-st-title\" style=\"color: #678A71\">\n                                    <a href=\"mailto:ciao@pepe-dubai.com\" target=\"_blank\">\n                                    Vous avez quelque chose \u00e0 f\u00eater ? Cin cin avec Pepe !                                    <\/a>\n                            <\/h2>\n\t\t\t\t\t\t\t<span class=\"qodef-st-text\" style=\"margin-top: 13px\">\n\t\t\t\tQu'il s'agisse de mariages, d'anniversaires ou de r\u00e9unions interentreprises, \u00e9crivez-nous et nous rendrons l'\u00e9v\u00e9nement inoubliable, \u00e0 la mani\u00e8re italienne.\t\t\t<\/span>\n\t\t\t\t\t\t\t<div class=\"qodef-st-button\"><a itemprop=\"url\" href=\"#\" target=\"_self\"  class=\"qodef-btn qodef-btn-medium qodef-btn-simple\"  >    <svg xmlns=\"http:\/\/www.w3.org\/2000\/svg\" viewbox=\"0 0 25 11\" class=\"qodef-moustache\"><path d=\"M21.1 3.7C20.5 3.6 20 3.4 19.5 3c-0.4-0.3-0.8-0.7-1.1-1 -0.9-0.9-1.8-1.8-3.1-1.8 -0.2 0-0.4 0-0.6 0.1 -0.8 0.1-1.6 0.6-2.2 1.3 -0.6-0.7-1.3-1.2-2.2-1.3 -0.2 0-0.4-0.1-0.6-0.1C8.4 0.2 7.5 1.1 6.7 2 6.3 2.3 5.9 2.7 5.5 3 4.9 3.5 4.2 3.7 3.4 3.7c-1 0-1.9-0.4-2.6-1L0.2 2.1v0.8c0 6.8 4.4 7.8 7.1 7.8 1.5 0 2.8-0.3 3.2-0.5 0.8-0.4 1.4-0.9 2-1.5 0.5 0.7 1.2 1.2 2 1.5 0.4 0.2 1.7 0.5 3.2 0.5 1 0 2.3-0.1 3.5-0.7 0.2-0.1 0.5-0.3 0.7-0.4 1.7-1 3-3 3-6.8V2.1l-0.6 0.5c-0.6 0.6-1.5 1-2.4 1L21.1 3.7zM21.1 9.3c-1.1 0.6-2.3 0.8-3.5 0.8 -1.5 0-2.7-0.3-3-0.5 -0.8-0.4-1.5-1-2-1.7l-0.3-0.4 -0.3 0.4c-0.5 0.7-1.1 1.3-2 1.7C10 9.7 8.8 10 7.3 10c-2.8 0-6.1-1.1-6.4-6.4 0.7 0.5 1.6 0.7 2.5 0.7 0.9 0 1.8-0.3 2.5-0.8 0.4-0.3 0.8-0.7 1.2-1.1C7.9 1.7 8.7 1 9.8 1c0.1 0 0.3 0 0.5 0 0.8 0.1 1.5 0.6 2 1.4l0.3 0.4 0.3-0.4c0.5-0.8 1.2-1.3 2-1.4 0.2 0 0.3 0 0.5 0 1.1 0 1.8 0.8 2.7 1.6 0.4 0.4 0.8 0.8 1.2 1.1 0.6 0.4 1.3 0.7 2 0.8 0.2 0 0.3 0 0.5 0 0.1 0 0.1 0 0.2 0 0.8 0 1.6-0.3 2.3-0.7 -0.1 2.6-1 4.2-2.3 5.2C21.6 9 21.4 9.1 21.1 9.3z\" \/><path d=\"M17.7 11c-1.5 0-2.9-0.3-3.3-0.5 -0.7-0.3-1.4-0.8-1.9-1.4 -0.5 0.6-1.1 1.1-1.9 1.4C10.2 10.7 8.9 11 7.3 11 4.6 11 0 10 0 2.9V1.6l0.9 0.9c0.6 0.6 1.5 1 2.4 1 0.7 0 1.4-0.2 2-0.6 0.4-0.3 0.7-0.6 1.1-1C7.4 0.9 8.4 0 9.8 0c0.2 0 0.4 0 0.6 0.1 0.8 0.1 1.5 0.6 2.1 1.2 0.6-0.7 1.3-1.1 2.1-1.2C14.8 0 15 0 15.2 0c1.4 0 2.4 1 3.3 1.8l0 0c0.4 0.3 0.7 0.7 1.1 1 0.4 0.3 1 0.5 1.5 0.6l0.7 0c0.9 0 1.7-0.4 2.3-1L25 1.6v1.3c0 4.2-1.7 6.1-3.1 7 -0.2 0.1-0.5 0.3-0.7 0.4C20.3 10.8 19.1 11 17.7 11zM12.5 8.3l0.2 0.2c0.5 0.6 1.1 1.1 1.9 1.5 0.4 0.2 1.7 0.5 3.1 0.5 1.4 0 2.5-0.2 3.4-0.7 0.2-0.1 0.5-0.3 0.7-0.4 1.9-1.1 2.9-3.4 2.9-6.5V2.7l-0.2 0.2c-0.7 0.6-1.6 1-2.5 1.1l0 0 -0.7 0c-0.6-0.1-1.2-0.3-1.8-0.7 -0.4-0.3-0.8-0.7-1.2-1l0 0c-0.8-0.8-1.7-1.7-3-1.7 -0.2 0-0.4 0-0.5 0.1 -0.8 0.1-1.5 0.6-2 1.3L12.5 2l-0.2-0.2c-0.6-0.7-1.3-1.1-2-1.3 -0.2 0-0.4-0.1-0.5-0.1 -1.2 0-2.1 0.9-3 1.7C6.4 2.5 6 2.9 5.6 3.2 5 3.7 4.2 3.9 3.4 3.9c-1 0-2-0.4-2.7-1.1L0.4 2.7v0.3c0 6.6 4.3 7.6 6.9 7.6 1.5 0 2.8-0.3 3.1-0.5 0.8-0.4 1.4-0.9 1.9-1.5L12.5 8.3zM17.7 10.3c-1.6 0-2.8-0.3-3-0.5 -0.9-0.4-1.6-1-2-1.8l-0.1-0.1L12.4 8c-0.5 0.8-1.2 1.4-2 1.8 -0.3 0.1-1.5 0.5-3 0.5 -2.9 0-6.3-1.1-6.6-6.6l0-0.5L1 3.5c0.7 0.5 1.5 0.7 2.3 0.7 0.9 0 1.7-0.3 2.4-0.8C6.2 3.1 6.6 2.7 7 2.3c0.9-0.8 1.7-1.6 2.8-1.6 0.2 0 0.3 0 0.5 0 0.8 0.2 1.6 0.7 2.1 1.5l0.1 0.1 0.1-0.1c0.6-0.8 1.3-1.4 2.1-1.5 0.2 0 0.3 0 0.5 0 1.1 0 1.9 0.8 2.8 1.6l-0.1 0.2L18 2.3c0.4 0.4 0.8 0.8 1.2 1.1 0.6 0.4 1.2 0.7 1.9 0.7 0.1 0 0.3 0 0.5 0 0.1 0 0.1 0 0.2 0l0 0c0.8 0 1.5-0.3 2.2-0.7l0.4-0.2 0 0.5c-0.1 2.4-0.9 4.2-2.4 5.3 -0.2 0.2-0.5 0.3-0.7 0.5C20.3 10 19.1 10.3 17.7 10.3zM12.5 7.1L13 7.8C13.4 8.5 14 9 14.8 9.4c0.2 0.1 1.4 0.4 2.9 0.4 1.3 0 2.4-0.3 3.4-0.7 0.2-0.1 0.4-0.3 0.6-0.4 1.2-0.9 2-2.5 2.1-4.6 -0.6 0.3-1.3 0.5-2 0.5 -0.1 0-0.1 0-0.2 0 -0.2 0-0.4 0-0.5 0 -0.8-0.1-1.5-0.4-2.1-0.8 -0.5-0.3-0.9-0.7-1.2-1.1l0 0c-0.8-0.8-1.5-1.5-2.5-1.5 -0.1 0-0.3 0-0.4 0 -0.7 0.1-1.4 0.6-1.9 1.3l-0.4 0.7L12 2.6c-0.5-0.7-1.2-1.2-1.9-1.3 -0.1 0-0.3 0-0.4 0 -1 0-1.7 0.7-2.5 1.5C6.8 3.1 6.4 3.5 6 3.8 5.3 4.3 4.3 4.6 3.4 4.6c-0.8 0-1.5-0.2-2.2-0.6 0.4 4.7 3.6 5.7 6.2 5.7 1.5 0 2.6-0.3 2.9-0.4C11 9 11.6 8.5 12 7.8L12.5 7.1z\" \/><\/svg>    <span class=\"qodef-btn-text\">ciao@pepe-dubai.com<\/span>    <\/a><\/div>\n\t\t\t<\/div>\n<\/div>\t\t<\/div>\n\t<\/div>\n<\/div><\/div><\/div><\/div><\/div><\/div><\/div><\/div>\n<\/div>","protected":false},"excerpt":{"rendered":"Adult games &amp; Italian cocktails in Dubai Billiards, chess, cards, dominoes, and a stylish Italian cocktail bar. Your playground, your rules. Aperitivo spritz &amp; sunset in Dubai From 4 to 7 PM, sip your spritz and watch the Italian sunset vibes take over Dubai. Kids club &amp; activities at The Address Beach Resort [...]","protected":false},"author":1,"featured_media":0,"parent":0,"menu_order":0,"comment_status":"closed","ping_status":"closed","template":"full-width.php","meta":{"footnotes":""},"class_list":["post-1440","page","type-page","status-publish","hentry"],"yoast_head":"<!-- This site is optimized with the Yoast SEO plugin v26.6 - https:\/\/yoast.com\/wordpress\/plugins\/seo\/ -->\n<title>Pepe Dubai | Italian Dining, Entertainment &amp; Lifestyle at Address Beach Resort<\/title>\n<meta name=\"description\" content=\"Discover Pepe Dubai \u2013 Italian glamour, live dining, kids\u2019 club, aperitivo, pizza shows &amp; private events at Address Beach Resort, JBR.\" \/>\n<meta name=\"robots\" content=\"index, follow, max-snippet:-1, max-image-preview:large, max-video-preview:-1\" \/>\n<link rel=\"canonical\" href=\"https:\/\/pepe-dubai.com\/fr\/our-services\/\" \/>\n<meta property=\"og:locale\" content=\"fr_FR\" \/>\n<meta property=\"og:type\" content=\"article\" \/>\n<meta property=\"og:title\" content=\"Pepe Dubai | Italian Dining, Entertainment &amp; Lifestyle at Address Beach Resort\" \/>\n<meta property=\"og:description\" content=\"Discover Pepe Dubai \u2013 Italian glamour, live dining, kids\u2019 club, aperitivo, pizza shows &amp; private events at Address Beach Resort, JBR.\" \/>\n<meta property=\"og:url\" content=\"https:\/\/pepe-dubai.com\/fr\/our-services\/\" \/>\n<meta property=\"og:site_name\" content=\"Pepe Dubai\" \/>\n<meta property=\"article:modified_time\" content=\"2026-01-07T12:16:29+00:00\" \/>\n<meta name=\"twitter:card\" content=\"summary_large_image\" \/>\n<meta name=\"twitter:label1\" content=\"Dur\u00e9e de lecture estim\u00e9e\" \/>\n\t<meta name=\"twitter:data1\" content=\"5 minutes\" \/>\n<script type=\"application\/ld+json\" class=\"yoast-schema-graph\">{\"@context\":\"https:\/\/schema.org\",\"@graph\":[{\"@type\":\"WebPage\",\"@id\":\"https:\/\/pepe-dubai.com\/our-services\/\",\"url\":\"https:\/\/pepe-dubai.com\/our-services\/\",\"name\":\"Pepe Dubai | Italian Dining, Entertainment & Lifestyle at Address Beach Resort\",\"isPartOf\":{\"@id\":\"https:\/\/pepe-dubai.com\/#website\"},\"datePublished\":\"2019-10-22T08:53:13+00:00\",\"dateModified\":\"2026-01-07T12:16:29+00:00\",\"description\":\"Discover Pepe Dubai \u2013 Italian glamour, live dining, kids\u2019 club, aperitivo, pizza shows & private events at Address Beach Resort, JBR.\",\"breadcrumb\":{\"@id\":\"https:\/\/pepe-dubai.com\/our-services\/#breadcrumb\"},\"inLanguage\":\"fr-FR\",\"potentialAction\":[{\"@type\":\"ReadAction\",\"target\":[\"https:\/\/pepe-dubai.com\/our-services\/\"]}]},{\"@type\":\"BreadcrumbList\",\"@id\":\"https:\/\/pepe-dubai.com\/our-services\/#breadcrumb\",\"itemListElement\":[{\"@type\":\"ListItem\",\"position\":1,\"name\":\"Accueil\",\"item\":\"https:\/\/pepe-dubai.com\/\"},{\"@type\":\"ListItem\",\"position\":2,\"name\":\"Experience Italian Glamour &#038; Lifestyle\"}]},{\"@type\":\"WebSite\",\"@id\":\"https:\/\/pepe-dubai.com\/#website\",\"url\":\"https:\/\/pepe-dubai.com\/\",\"name\":\"Pepe Dubai\",\"description\":\"The Italian Trattoria in Dubai , at the Address Beach Resort\",\"potentialAction\":[{\"@type\":\"SearchAction\",\"target\":{\"@type\":\"EntryPoint\",\"urlTemplate\":\"https:\/\/pepe-dubai.com\/?s={search_term_string}\"},\"query-input\":{\"@type\":\"PropertyValueSpecification\",\"valueRequired\":true,\"valueName\":\"search_term_string\"}}],\"inLanguage\":\"fr-FR\"}]}<\/script>\n<!-- \/ Yoast SEO plugin. -->","yoast_head_json":{"title":"Pepe Dubai | Italian Dining, Entertainment & Lifestyle at Address Beach Resort","description":"Discover Pepe Dubai \u2013 Italian glamour, live dining, kids\u2019 club, aperitivo, pizza shows & private events at Address Beach Resort, JBR.","robots":{"index":"index","follow":"follow","max-snippet":"max-snippet:-1","max-image-preview":"max-image-preview:large","max-video-preview":"max-video-preview:-1"},"canonical":"https:\/\/pepe-dubai.com\/fr\/our-services\/","og_locale":"fr_FR","og_type":"article","og_title":"Pepe Dubai | Italian Dining, Entertainment & Lifestyle at Address Beach Resort","og_description":"Discover Pepe Dubai \u2013 Italian glamour, live dining, kids\u2019 club, aperitivo, pizza shows & private events at Address Beach Resort, JBR.","og_url":"https:\/\/pepe-dubai.com\/fr\/our-services\/","og_site_name":"Pepe Dubai","article_modified_time":"2026-01-07T12:16:29+00:00","twitter_card":"summary_large_image","twitter_misc":{"Dur\u00e9e de lecture estim\u00e9e":"5 minutes"},"schema":{"@context":"https:\/\/schema.org","@graph":[{"@type":"WebPage","@id":"https:\/\/pepe-dubai.com\/our-services\/","url":"https:\/\/pepe-dubai.com\/our-services\/","name":"Pepe Dubai | Italian Dining, Entertainment & Lifestyle at Address Beach Resort","isPartOf":{"@id":"https:\/\/pepe-dubai.com\/#website"},"datePublished":"2019-10-22T08:53:13+00:00","dateModified":"2026-01-07T12:16:29+00:00","description":"Discover Pepe Dubai \u2013 Italian glamour, live dining, kids\u2019 club, aperitivo, pizza shows & private events at Address Beach Resort, JBR.","breadcrumb":{"@id":"https:\/\/pepe-dubai.com\/our-services\/#breadcrumb"},"inLanguage":"fr-FR","potentialAction":[{"@type":"ReadAction","target":["https:\/\/pepe-dubai.com\/our-services\/"]}]},{"@type":"BreadcrumbList","@id":"https:\/\/pepe-dubai.com\/our-services\/#breadcrumb","itemListElement":[{"@type":"ListItem","position":1,"name":"Accueil","item":"https:\/\/pepe-dubai.com\/"},{"@type":"ListItem","position":2,"name":"Experience Italian Glamour &#038; Lifestyle"}]},{"@type":"WebSite","@id":"https:\/\/pepe-dubai.com\/#website","url":"https:\/\/pepe-dubai.com\/","name":"Pepe Duba\u00ef","description":"The Italian Trattoria \u00e0 Duba\u00ef, \u00e0 l'Address Beach Resort","potentialAction":[{"@type":"SearchAction","target":{"@type":"EntryPoint","urlTemplate":"https:\/\/pepe-dubai.com\/?s={search_term_string}"},"query-input":{"@type":"PropertyValueSpecification","valueRequired":true,"valueName":"search_term_string"}}],"inLanguage":"fr-FR"}]}},"_links":{"self":[{"href":"https:\/\/pepe-dubai.com\/fr\/wp-json\/wp\/v2\/pages\/1440","targetHints":{"allow":["GET"]}}],"collection":[{"href":"https:\/\/pepe-dubai.com\/fr\/wp-json\/wp\/v2\/pages"}],"about":[{"href":"https:\/\/pepe-dubai.com\/fr\/wp-json\/wp\/v2\/types\/page"}],"author":[{"embeddable":true,"href":"https:\/\/pepe-dubai.com\/fr\/wp-json\/wp\/v2\/users\/1"}],"replies":[{"embeddable":true,"href":"https:\/\/pepe-dubai.com\/fr\/wp-json\/wp\/v2\/comments?post=1440"}],"version-history":[{"count":30,"href":"https:\/\/pepe-dubai.com\/fr\/wp-json\/wp\/v2\/pages\/1440\/revisions"}],"predecessor-version":[{"id":3949,"href":"https:\/\/pepe-dubai.com\/fr\/wp-json\/wp\/v2\/pages\/1440\/revisions\/3949"}],"wp:attachment":[{"href":"https:\/\/pepe-dubai.com\/fr\/wp-json\/wp\/v2\/media?parent=1440"}],"curies":[{"name":"wp","href":"https:\/\/api.w.org\/{rel}","templated":true}]}}