{"id":1420,"date":"2019-10-22T07:46:17","date_gmt":"2019-10-22T07:46:17","guid":{"rendered":"https:\/\/donpeppe.qodeinteractive.com\/?page_id=1420"},"modified":"2019-10-22T07:46:17","modified_gmt":"2019-10-22T07:46:17","slug":"book-a-table-ii","status":"publish","type":"page","link":"https:\/\/pepe-dubai.com\/fr\/book-a-table-ii\/","title":{"rendered":"R\u00e9server une table II"},"content":{"rendered":"<div class=\"wpb-content-wrapper\"><div class=\"qodef-row-grid-section-wrapper qodef-content-aligment-left\"  ><div class=\"qodef-row-grid-section\"><div class=\"vc_row wpb_row vc_row-fluid vc_custom_1571732574461\" ><div class=\"wpb_column vc_column_container vc_col-sm-12 vc_col-lg-6 vc_col-md-12 vc_col-xs-12\"><div class=\"vc_column-inner\"><div class=\"wpb_wrapper\"><div class=\"qodef-elements-holder   qodef-one-column  qodef-responsive-mode-768\" ><div class=\"qodef-eh-item\"  data-item-class=\"qodef-eh-custom-5589\" data-1400-1600=\"133px 24% 38px 0\" data-1025-1399=\"79px 24% 38px 0\" data-769-1024=\"17px 24% 38px 0\" data-681-768=\"18px 24% 38px 0\" data-680=\"18px 0% 38px 0\">\n\t<div class=\"qodef-eh-item-inner\">\n\t\t<div class=\"qodef-eh-item-content qodef-eh-custom-5589\" style=\"padding: 133px 24% 38px 0\">\n\t\t\t<div class=\"qodef-section-title-holder\" style=\"text-align: left\">\n\t<div class=\"qodef-st-inner\">\n                    <span class=\"qodef-st-subtitle\" >\n                R\u00e9servez votre place            <\/span>\n        \t\t\t\t\t<h2 class=\"qodef-st-title\" >\n                                    Appelez-nous ou visitez le lieu                            <\/h2>\n\t\t\t\t\t\t\t<span class=\"qodef-st-text\" style=\"margin-top: 13px\">\n\t\t\t\tLorem ipsum dolor sit amet, consectetur adipiscing elit. Ut blandit arcu in pretium.\t\t\t<\/span>\n\t\t\t\t\t<\/div>\n<\/div>\t\t<\/div>\n\t<\/div>\n<\/div><\/div><div class=\"qodef-elements-holder   qodef-one-column  qodef-responsive-mode-768\" ><div class=\"qodef-eh-item\"  data-item-class=\"qodef-eh-custom-1166\" data-680=\"0 0% 0 0\">\n\t<div class=\"qodef-eh-item-inner\">\n\t\t<div class=\"qodef-eh-item-content qodef-eh-custom-1166\" style=\"padding: 0 26% 0 0\">\n\t\t\t<div class=\"qodef-rf-holder qodef-rf-block\">\n\t\t\t<form class=\"qodef-rf\" target=\"_blank\" action=\"https:\/\/www.opentable.com\/restaurant-search.aspx\" name=\"qodef-rf\">\n\t\t\t<div class=\"qodef-rf-row clearfix\">\n\t\t\t\t<div class=\"qodef-rf-col-holder\">\n\t\t\t\t\t<div class=\"qodef-rf-field-holder clearfix\">\n                        <span class=\"qodef-rf-icon\">\n\t\t\t\t\t\t    <span class=\"qodef-icon-dripicons dripicon dripicons-user-group\"><\/span>\n\t\t\t\t\t    <\/span>\n\t\t\t\t\t\t<select name=\"partySize\" class=\"qodef-ot-people\">\n\t\t\t\t\t\t\t<option value=\"1\">1 Person<\/option>\n\t\t\t\t\t\t\t<option value=\"2\">2 People<\/option>\n\t\t\t\t\t\t\t<option value=\"3\">3 People<\/option>\n\t\t\t\t\t\t\t<option value=\"4\">4 People<\/option>\n\t\t\t\t\t\t\t<option value=\"5\">5 People<\/option>\n\t\t\t\t\t\t\t<option value=\"6\">6 People<\/option>\n\t\t\t\t\t\t\t<option value=\"7\">7 People<\/option>\n\t\t\t\t\t\t\t<option value=\"8\">8 People<\/option>\n\t\t\t\t\t\t\t<option value=\"9\">9 People<\/option>\n\t\t\t\t\t\t\t<option value=\"10\">10 People<\/option>\n                            <option value=\"11\">11 People<\/option>\n                            <option value=\"12\">12 People<\/option>\n                            <option value=\"13\">13 People<\/option>\n                            <option value=\"14\">14 People<\/option>\n                            <option value=\"15\">15 People<\/option>\n                            <option value=\"16\">16 People<\/option>\n                            <option value=\"17\">17 People<\/option>\n                            <option value=\"18\">18 People<\/option>\n                            <option value=\"19\">19 People<\/option>\n                            <option value=\"20\">20 People<\/option>\n\t\t\t\t\t\t<\/select>\n\t\t\t\t\t<\/div>\n\t\t\t\t<\/div>\n                \t\t\t\t<div class=\"qodef-rf-col-holder\">\n\t\t\t\t\t<div class=\"qodef-rf-field-holder clearfix\">\n                        <span class=\"qodef-rf-icon\">\n\t\t\t\t\t\t    <span class=\"qodef-icon-dripicons dripicon dripicons-calendar\"><\/span>\n\t\t\t\t\t    <\/span>\n\t\t\t\t\t\t<input type=\"text\" value=\"05\/01\/2026\" class=\"qodef-ot-date\" name=\"startDate\">\n\t\t\t\t\t<\/div>\n\t\t\t\t<\/div>\n                \t\t\t\t<div class=\"qodef-rf-col-holder qodef-rf-time-col\">\n\t\t\t\t\t<div class=\"qodef-rf-field-holder clearfix\">\n                        <span class=\"qodef-rf-icon\">\n\t\t\t\t\t\t    <span class=\"qodef-icon-dripicons dripicon dripicons-alarm\"><\/span>\n\t\t\t\t\t    <\/span>\n\t\t\t\t\t\t<select name=\"ResTime\" class=\"qodef-ot-time\">\n\t\t\t\t\t\t\t<option value=\"6:30am\">6:30 am<\/option>\n\t\t\t\t\t\t\t<option value=\"7:00am\">7:00 am<\/option>\n\t\t\t\t\t\t\t<option value=\"7:30am\">7:30 am<\/option>\n\t\t\t\t\t\t\t<option value=\"8:00am\">8:00 am<\/option>\n\t\t\t\t\t\t\t<option value=\"8:30am\">8:30 am<\/option>\n\t\t\t\t\t\t\t<option value=\"9:00am\">9:00 am<\/option>\n\t\t\t\t\t\t\t<option value=\"9:30am\">9:30 am<\/option>\n\t\t\t\t\t\t\t<option value=\"10:00am\">10:00 am<\/option>\n\t\t\t\t\t\t\t<option value=\"10:30am\">10:30 am<\/option>\n\t\t\t\t\t\t\t<option value=\"11:00am\">11:00 am<\/option>\n\t\t\t\t\t\t\t<option value=\"11:30am\">11:30 am<\/option>\n\t\t\t\t\t\t\t<option value=\"12:00pm\">12:00 pm<\/option>\n\t\t\t\t\t\t\t<option value=\"12:30pm\">12:30 pm<\/option>\n\t\t\t\t\t\t\t<option value=\"1:00pm\">1:00 pm<\/option>\n\t\t\t\t\t\t\t<option value=\"1:30pm\">1:30 pm<\/option>\n\t\t\t\t\t\t\t<option value=\"2:00pm\">2:00 pm<\/option>\n\t\t\t\t\t\t\t<option value=\"2:30pm\">2:30 pm<\/option>\n\t\t\t\t\t\t\t<option value=\"3:00pm\">3:00 pm<\/option>\n\t\t\t\t\t\t\t<option value=\"3:30pm\">3:30 pm<\/option>\n\t\t\t\t\t\t\t<option value=\"4:00pm\">4:00 pm<\/option>\n\t\t\t\t\t\t\t<option value=\"4:30pm\">4:30 pm<\/option>\n\t\t\t\t\t\t\t<option value=\"5:00pm\">5:00 pm<\/option>\n\t\t\t\t\t\t\t<option value=\"5:30pm\">5:30 pm<\/option>\n\t\t\t\t\t\t\t<option value=\"6:00pm\">6:00 pm<\/option>\n\t\t\t\t\t\t\t<option value=\"6:30pm\">6:30 pm<\/option>\n\t\t\t\t\t\t\t<option value=\"7:00pm\" selected=\"selected\">7:00 pm<\/option>\n\t\t\t\t\t\t\t<option value=\"7:30pm\">7:30 pm<\/option>\n\t\t\t\t\t\t\t<option value=\"8:00pm\">8:00 pm<\/option>\n\t\t\t\t\t\t\t<option value=\"8:30pm\">8:30 pm<\/option>\n\t\t\t\t\t\t\t<option value=\"9:00pm\">9:00 pm<\/option>\n\t\t\t\t\t\t\t<option value=\"9:30pm\">9:30 pm<\/option>\n\t\t\t\t\t\t\t<option value=\"10:00pm\">10:00 pm<\/option>\n\t\t\t\t\t\t\t<option value=\"10:30pm\">10:30 pm<\/option>\n\t\t\t\t\t\t\t<option value=\"11:00pm\">11:00 pm<\/option>\n\t\t\t\t\t\t\t<option value=\"11:30pm\">11:30 pm<\/option>\n\t\t\t\t\t\t<\/select>\n\t\t\t\t\t<\/div>\n\t\t\t\t<\/div>\n\t\t\t\t<div class=\"qodef-rf-col-holder qodef-rf-btn-holder\">\n\t\t\t\t\t\t<button type=\"submit\"  class=\"qodef-btn qodef-btn-huge qodef-btn-solid\"  >\n    <span class=\"qodef-btn-text\">R\u00e9server une table<\/span>\n    <\/button>\t\t\t\t<\/div>\n\t\t\t<\/div>\n\t\t\t<input type=\"hidden\" name=\"RestaurantID\" class=\"RestaurantID\" value=\"92\">\n\t\t\t<input type=\"hidden\" name=\"rid\" class=\"rid\" value=\"92\">\n\t\t\t<input type=\"hidden\" name=\"GeoID\" class=\"GeoID\" value=\"15\">\n\t\t\t<input type=\"hidden\" name=\"txtDateFormat\" class=\"txtDateFormat\" value=\"MM\/dd\/yyyy\">\n\t\t\t<input type=\"hidden\" name=\"RestaurantReferralID\" class=\"RestaurantReferralID\" value=\"92\">\n\t\t<\/form>\n\t\t<p class=\"qodef-rf-copyright\">*Powered by OpenTable<\/p>\n\t<\/div>\t\t<\/div>\n\t<\/div>\n<\/div><\/div><\/div><\/div><\/div><div class=\"wpb_column vc_column_container vc_col-sm-12 vc_col-lg-6 vc_col-md-12 vc_col-xs-12\"><div class=\"vc_column-inner\"><div class=\"wpb_wrapper\"><div class=\"qodef-elements-holder   qodef-one-column  qodef-responsive-mode-768\" ><div class=\"qodef-eh-item\"  data-item-class=\"qodef-eh-custom-7501\" data-769-1024=\"115px 0 20px 0\" data-681-768=\"114px 0 20px 0\" data-680=\"114px 0 19px 0\">\n\t<div class=\"qodef-eh-item-inner\">\n\t\t<div class=\"qodef-eh-item-content qodef-eh-custom-7501\" style=\"padding: 45px 0 18px 0\">\n\t\t\t<div class=\"qodef-single-image-holder  qodef-has-shadow qodef-image-behavior-custom-link qodef-appear-none\">\n    <div class=\"qodef-si-inner\" >\n        \t            <a itemprop=\"url\" href=\"#\" target=\"_self\">\n                                    <img fetchpriority=\"high\" decoding=\"async\" width=\"632\" height=\"700\" src=\"https:\/\/pepe-dubai.com\/wp-content\/uploads\/2019\/10\/open-table-2-single-img-1.jpg\" class=\"attachment-full size-full\" alt=\"\" srcset=\"https:\/\/pepe-dubai.com\/wp-content\/uploads\/2019\/10\/open-table-2-single-img-1.jpg 632w, https:\/\/pepe-dubai.com\/wp-content\/uploads\/2019\/10\/open-table-2-single-img-1-271x300.jpg 271w\" sizes=\"(max-width: 632px) 100vw, 632px\" \/>                            <svg xmlns=\"http:\/\/www.w3.org\/2000\/svg\" viewbox=\"0 0 85 85\" class=\"qodef-eye\"><circle cx=\"42.5\" cy=\"42.5\" r=\"42.5\" \/><path d=\"M57.3 43.2c-0.2 0.3-0.4 0.6-0.8 1 -0.3 0.4-0.9 1-1.9 2 -0.9 0.9-1.9 1.7-3 2.4 -1.1 0.7-2.4 1.3-4.1 1.9 -1.7 0.6-3.3 0.8-5.1 0.8 -5.5 0-10.5-2.7-14.8-8 -0.3-0.5-0.3-1 0-1.5 0.2-0.3 0.4-0.6 0.8-1 0.3-0.4 0.9-1 1.9-2 0.9-0.9 1.9-1.7 3-2.4 1.1-0.7 2.4-1.3 4.1-1.9 1.7-0.6 3.3-0.8 5.1-0.8 1.7 0 3.4 0.3 5.1 0.8 1.7 0.6 3 1.2 4.1 1.9 1.1 0.7 2.1 1.5 3 2.4 0.9 0.9 1.6 1.6 1.9 2 0.3 0.4 0.6 0.7 0.8 1C57.6 42.3 57.6 42.7 57.3 43.2zM54.6 42.5c-0.7-0.9-1.5-1.7-2.4-2.5 -0.9-0.8-2.3-1.6-4.1-2.5 -1.8-0.9-3.7-1.3-5.6-1.3 -1.9 0-3.8 0.4-5.6 1.3 -1.8 0.8-3.2 1.7-4.1 2.5 -0.9 0.8-1.7 1.6-2.4 2.5 0.7 0.9 1.5 1.7 2.4 2.5 0.9 0.8 2.3 1.6 4.1 2.5 1.8 0.9 3.7 1.3 5.6 1.3C47.1 48.7 51.1 46.6 54.6 42.5zM46.8 39.3c0.9 1.2 1.2 2.6 1 4 -0.2 1.5-0.9 2.7-2.1 3.6 -1.1 0.7-2.2 1.1-3.3 1.1 0 0-0.1 0-0.3 0 -0.2 0-0.3 0-0.4 0 -1.5-0.2-2.7-0.9-3.6-2.1 -0.9-1.2-1.2-2.5-1-4 0.2-1.5 0.9-2.6 2.1-3.5 1.2-0.9 2.6-1.3 4-1.1C44.7 37.4 45.9 38.1 46.8 39.3zM45.9 43c0.1-1-0.1-1.8-0.6-2.6 -0.5-0.7-1.3-1.2-2.3-1.3 -0.9-0.2-1.8 0-2.5 0.6 -0.7 0.5-1.2 1.3-1.3 2.3 -0.1 1 0.1 1.8 0.6 2.6 0.5 0.7 1.3 1.2 2.3 1.3 0.9 0.2 1.8 0 2.5-0.6C45.3 44.7 45.7 44 45.9 43zM42.6 40.6c-0.3 0.2-0.4 0.5-0.4 0.9s0.1 0.7 0.4 0.9c0.2 0.2 0.5 0.4 0.9 0.4 0.4 0 0.7-0.1 0.9-0.4 0.3-0.3 0.4-0.6 0.4-0.9 0-0.3-0.1-0.6-0.4-0.9 -0.3-0.3-0.6-0.4-0.9-0.4S42.8 40.3 42.6 40.6z\" \/><\/svg>            <\/a>\n                            <div class=\"qodef-si-shadow\"><\/div>\n            <\/div>\n<\/div>\t\t<\/div>\n\t<\/div>\n<\/div><\/div><\/div><\/div><\/div><\/div><\/div><\/div><div class=\"vc_row wpb_row vc_row-fluid vc_custom_1571730923932 vc_row-has-fill\" ><div class=\"wpb_column vc_column_container vc_col-sm-12\"><div class=\"vc_column-inner\"><div class=\"wpb_wrapper\"><div class=\"qodef-row-grid-section-wrapper\" ><div class=\"qodef-row-grid-section\"><div class=\"vc_row wpb_row vc_inner vc_row-fluid\" ><div class=\"wpb_column vc_column_container vc_col-sm-6 vc_col-lg-3 vc_col-md-6 vc_col-xs-12\"><div class=\"vc_column-inner\"><div class=\"wpb_wrapper\"><div class=\"qodef-section-title-holder\" >\n\t<div class=\"qodef-st-inner\">\n        \t\t\t\t\t<h4 class=\"qodef-st-title\" style=\"color: #b7903c\">\n                                    Torre Annunziata                            <\/h4>\n\t\t\t\t\t\t\t<\/div>\n<\/div>\n\t<div class=\"wpb_text_column wpb_content_element qodef-custom-links\" >\n\t\t<div class=\"wpb_wrapper\">\n\t\t\t<p><a style=\"font-size: 15px; color: #8f8f8f; margin-bottom: 39px; margin-top: 15px;\" href=\"https:\/\/www.google.com\/maps\/place\/Spinato's+Pizzeria\/@33.6413174,-112.0494732,17z\/data=!3m1!4b1!4m5!3m4!1s0x872b71e0045efd41:0x34d3c7f6eb046ccd!8m2!3d33.641313!4d-112.0472845?hl=sr target=blank;\" rel=\"noopener noreferrer\">1614 E. Bell Rd #104.<br \/>\nSalerno, AZ 85022<br \/>\n<\/a><a style=\"font-size: 15px; color: #8f8f8f; margin-bottom: 39px; margin-top: 15px;\" href=\"tel:080024667921\"> (989) 867-1010<\/a><\/p>\n<p><span style=\"font-size: 15px; color: #8f8f8f;\">Ouvert aujourd'hui de 11h \u00e0 22h<\/span><\/p>\n\n\t\t<\/div>\n\t<\/div>\n<div class=\"vc_empty_space\"   style=\"height: 50px\"><span class=\"vc_empty_space_inner\"><\/span><\/div><\/div><\/div><\/div><div class=\"wpb_column vc_column_container vc_col-sm-6 vc_col-lg-3 vc_col-md-6 vc_col-xs-12\"><div class=\"vc_column-inner\"><div class=\"wpb_wrapper\"><div class=\"qodef-section-title-holder\" >\n\t<div class=\"qodef-st-inner\">\n        \t\t\t\t\t<h4 class=\"qodef-st-title\" style=\"color: #b7903c\">\n                                    Posillipo                            <\/h4>\n\t\t\t\t\t\t\t<\/div>\n<\/div>\n\t<div class=\"wpb_text_column wpb_content_element qodef-custom-links\" >\n\t\t<div class=\"wpb_wrapper\">\n\t\t\t<p><a style=\"font-size: 15px; color: #8f8f8f; margin-bottom: 39px; margin-top: 15px;\" href=\"https:\/\/www.google.com\/maps\/place\/Spinato's+Pizzeria\/@33.6413174,-112.0494732,17z\/data=!3m1!4b1!4m5!3m4!1s0x872b71e0045efd41:0x34d3c7f6eb046ccd!8m2!3d33.641313!4d-112.0472845?hl=sr target=blank;\" rel=\"noopener noreferrer\">204 E. Pizzetta Tommaso<br \/>\nSorrento, AZ 85022<br \/>\n<\/a><a style=\"font-size: 15px; color: #8f8f8f; margin-bottom: 39px; margin-top: 15px;\" href=\"tel:080024667921\"> (989) 867-1010<\/a><\/p>\n<p><span style=\"font-size: 15px; color: #8f8f8f;\">Ouvert aujourd'hui de 11h \u00e0 22h<\/span><\/p>\n\n\t\t<\/div>\n\t<\/div>\n<div class=\"vc_empty_space\"   style=\"height: 50px\"><span class=\"vc_empty_space_inner\"><\/span><\/div><\/div><\/div><\/div><div class=\"wpb_column vc_column_container vc_col-sm-6 vc_col-lg-3 vc_col-md-6 vc_col-xs-12\"><div class=\"vc_column-inner\"><div class=\"wpb_wrapper\"><div class=\"qodef-section-title-holder\" >\n\t<div class=\"qodef-st-inner\">\n        \t\t\t\t\t<h4 class=\"qodef-st-title\" style=\"color: #b7903c\">\n                                    Torre del Greco                            <\/h4>\n\t\t\t\t\t\t\t<\/div>\n<\/div>\n\t<div class=\"wpb_text_column wpb_content_element qodef-custom-links\" >\n\t\t<div class=\"wpb_wrapper\">\n\t\t\t<p><a style=\"font-size: 15px; color: #8f8f8f; margin-bottom: 39px; margin-top: 15px;\" href=\"https:\/\/www.google.com\/maps\/place\/Spinato's+Pizzeria\/@33.6413174,-112.0494732,17z\/data=!3m1!4b1!4m5!3m4!1s0x872b71e0045efd41:0x34d3c7f6eb046ccd!8m2!3d33.641313!4d-112.0472845?hl=sr target=blank;\" rel=\"noopener noreferrer\">Vale Pouilles 54<br \/>\nTorre Del Greco AZ 85022<br \/>\n<\/a><a style=\"font-size: 15px; color: #8f8f8f; margin-bottom: 39px; margin-top: 15px;\" href=\"tel:080024667921\"> (989) 867-1010<\/a><\/p>\n<p><span style=\"font-size: 15px; color: #8f8f8f;\">Ouvert aujourd'hui de 11h \u00e0 22h<\/span><\/p>\n\n\t\t<\/div>\n\t<\/div>\n<div class=\"vc_empty_space\"   style=\"height: 50px\"><span class=\"vc_empty_space_inner\"><\/span><\/div><\/div><\/div><\/div><div class=\"wpb_column vc_column_container vc_col-sm-6 vc_col-lg-3 vc_col-md-6 vc_col-xs-12\"><div class=\"vc_column-inner\"><div class=\"wpb_wrapper\"><div class=\"qodef-section-title-holder\" >\n\t<div class=\"qodef-st-inner\">\n        \t\t\t\t\t<h4 class=\"qodef-st-title\" style=\"color: #b7903c\">\n                                    Naples March\u00e9                            <\/h4>\n\t\t\t\t\t\t\t<\/div>\n<\/div>\n\t<div class=\"wpb_text_column wpb_content_element qodef-custom-links\" >\n\t\t<div class=\"wpb_wrapper\">\n\t\t\t<p><a style=\"font-size: 15px; color: #8f8f8f; margin-bottom: 39px; margin-top: 15px;\" href=\"https:\/\/www.google.com\/maps\/place\/Spinato's+Pizzeria\/@33.6413174,-112.0494732,17z\/data=!3m1!4b1!4m5!3m4!1s0x872b71e0045efd41:0x34d3c7f6eb046ccd!8m2!3d33.641313!4d-112.0472845?hl=sr target=blank;\" rel=\"noopener noreferrer\">Corso Italia AA<br \/>\nNaples, AZ 85022<br \/>\n<\/a><a style=\"font-size: 15px; color: #8f8f8f; margin-bottom: 39px; margin-top: 15px;\" href=\"tel:080024667921\"> (989) 867-1010<\/a><\/p>\n<p><span style=\"font-size: 15px; color: #8f8f8f;\">Ouvert aujourd'hui de 11h \u00e0 22h<\/span><\/p>\n\n\t\t<\/div>\n\t<\/div>\n<div class=\"vc_empty_space\"   style=\"height: 50px\"><span class=\"vc_empty_space_inner\"><\/span><\/div><\/div><\/div><\/div><\/div><\/div><\/div><\/div><\/div><\/div><\/div>\n<\/div>","protected":false},"excerpt":{"rendered":"Reserve Your Seat Call us or visit place Lorem ipsum dolor sit amet, consectetur adipiscing elit. Ut blandit arcu in pretium. 1 Person 2 People 3 People 4 People 5 People 6 People 7 People 8 People 9 People 10 People 11 People 12 People 13 People 14 People 15 People 16 People [...]","protected":false},"author":1,"featured_media":0,"parent":0,"menu_order":0,"comment_status":"closed","ping_status":"closed","template":"full-width.php","meta":{"footnotes":""},"class_list":["post-1420","page","type-page","status-publish","hentry"],"yoast_head":"<!-- This site is optimized with the Yoast SEO plugin v26.6 - https:\/\/yoast.com\/wordpress\/plugins\/seo\/ -->\n<title>Book A Table II - Pepe Dubai<\/title>\n<meta name=\"robots\" content=\"index, follow, max-snippet:-1, max-image-preview:large, max-video-preview:-1\" \/>\n<link rel=\"canonical\" href=\"https:\/\/pepe-dubai.com\/fr\/book-a-table-ii\/\" \/>\n<meta property=\"og:locale\" content=\"fr_FR\" \/>\n<meta property=\"og:type\" content=\"article\" \/>\n<meta property=\"og:title\" content=\"Book A Table II - Pepe Dubai\" \/>\n<meta property=\"og:url\" content=\"https:\/\/pepe-dubai.com\/fr\/book-a-table-ii\/\" \/>\n<meta property=\"og:site_name\" content=\"Pepe Dubai\" \/>\n<meta name=\"twitter:card\" content=\"summary_large_image\" \/>\n<meta name=\"twitter:label1\" content=\"Dur\u00e9e de lecture estim\u00e9e\" \/>\n\t<meta name=\"twitter:data1\" content=\"3 minutes\" \/>\n<script type=\"application\/ld+json\" class=\"yoast-schema-graph\">{\"@context\":\"https:\/\/schema.org\",\"@graph\":[{\"@type\":\"WebPage\",\"@id\":\"https:\/\/pepe-dubai.com\/book-a-table-ii\/\",\"url\":\"https:\/\/pepe-dubai.com\/book-a-table-ii\/\",\"name\":\"Book A Table II - Pepe Dubai\",\"isPartOf\":{\"@id\":\"https:\/\/pepe-dubai.com\/#website\"},\"datePublished\":\"2019-10-22T07:46:17+00:00\",\"breadcrumb\":{\"@id\":\"https:\/\/pepe-dubai.com\/book-a-table-ii\/#breadcrumb\"},\"inLanguage\":\"fr-FR\",\"potentialAction\":[{\"@type\":\"ReadAction\",\"target\":[\"https:\/\/pepe-dubai.com\/book-a-table-ii\/\"]}]},{\"@type\":\"BreadcrumbList\",\"@id\":\"https:\/\/pepe-dubai.com\/book-a-table-ii\/#breadcrumb\",\"itemListElement\":[{\"@type\":\"ListItem\",\"position\":1,\"name\":\"Accueil\",\"item\":\"https:\/\/pepe-dubai.com\/\"},{\"@type\":\"ListItem\",\"position\":2,\"name\":\"Book A Table II\"}]},{\"@type\":\"WebSite\",\"@id\":\"https:\/\/pepe-dubai.com\/#website\",\"url\":\"https:\/\/pepe-dubai.com\/\",\"name\":\"Pepe Dubai\",\"description\":\"The Italian Trattoria in Dubai , at the Address Beach Resort\",\"potentialAction\":[{\"@type\":\"SearchAction\",\"target\":{\"@type\":\"EntryPoint\",\"urlTemplate\":\"https:\/\/pepe-dubai.com\/?s={search_term_string}\"},\"query-input\":{\"@type\":\"PropertyValueSpecification\",\"valueRequired\":true,\"valueName\":\"search_term_string\"}}],\"inLanguage\":\"fr-FR\"}]}<\/script>\n<!-- \/ Yoast SEO plugin. -->","yoast_head_json":{"title":"Book A Table II - Pepe Dubai","robots":{"index":"index","follow":"follow","max-snippet":"max-snippet:-1","max-image-preview":"max-image-preview:large","max-video-preview":"max-video-preview:-1"},"canonical":"https:\/\/pepe-dubai.com\/fr\/book-a-table-ii\/","og_locale":"fr_FR","og_type":"article","og_title":"Book A Table II - Pepe Dubai","og_url":"https:\/\/pepe-dubai.com\/fr\/book-a-table-ii\/","og_site_name":"Pepe Dubai","twitter_card":"summary_large_image","twitter_misc":{"Dur\u00e9e de lecture estim\u00e9e":"3 minutes"},"schema":{"@context":"https:\/\/schema.org","@graph":[{"@type":"WebPage","@id":"https:\/\/pepe-dubai.com\/book-a-table-ii\/","url":"https:\/\/pepe-dubai.com\/book-a-table-ii\/","name":"Book A Table II - Pepe Dubai","isPartOf":{"@id":"https:\/\/pepe-dubai.com\/#website"},"datePublished":"2019-10-22T07:46:17+00:00","breadcrumb":{"@id":"https:\/\/pepe-dubai.com\/book-a-table-ii\/#breadcrumb"},"inLanguage":"fr-FR","potentialAction":[{"@type":"ReadAction","target":["https:\/\/pepe-dubai.com\/book-a-table-ii\/"]}]},{"@type":"BreadcrumbList","@id":"https:\/\/pepe-dubai.com\/book-a-table-ii\/#breadcrumb","itemListElement":[{"@type":"ListItem","position":1,"name":"Accueil","item":"https:\/\/pepe-dubai.com\/"},{"@type":"ListItem","position":2,"name":"Book A Table II"}]},{"@type":"WebSite","@id":"https:\/\/pepe-dubai.com\/#website","url":"https:\/\/pepe-dubai.com\/","name":"Pepe Duba\u00ef","description":"The Italian Trattoria \u00e0 Duba\u00ef, \u00e0 l'Address Beach Resort","potentialAction":[{"@type":"SearchAction","target":{"@type":"EntryPoint","urlTemplate":"https:\/\/pepe-dubai.com\/?s={search_term_string}"},"query-input":{"@type":"PropertyValueSpecification","valueRequired":true,"valueName":"search_term_string"}}],"inLanguage":"fr-FR"}]}},"_links":{"self":[{"href":"https:\/\/pepe-dubai.com\/fr\/wp-json\/wp\/v2\/pages\/1420","targetHints":{"allow":["GET"]}}],"collection":[{"href":"https:\/\/pepe-dubai.com\/fr\/wp-json\/wp\/v2\/pages"}],"about":[{"href":"https:\/\/pepe-dubai.com\/fr\/wp-json\/wp\/v2\/types\/page"}],"author":[{"embeddable":true,"href":"https:\/\/pepe-dubai.com\/fr\/wp-json\/wp\/v2\/users\/1"}],"replies":[{"embeddable":true,"href":"https:\/\/pepe-dubai.com\/fr\/wp-json\/wp\/v2\/comments?post=1420"}],"version-history":[{"count":0,"href":"https:\/\/pepe-dubai.com\/fr\/wp-json\/wp\/v2\/pages\/1420\/revisions"}],"wp:attachment":[{"href":"https:\/\/pepe-dubai.com\/fr\/wp-json\/wp\/v2\/media?parent=1420"}],"curies":[{"name":"wp","href":"https:\/\/api.w.org\/{rel}","templated":true}]}}