{"id":1417,"date":"2019-10-21T14:52:33","date_gmt":"2019-10-21T14:52:33","guid":{"rendered":"https:\/\/donpeppe.qodeinteractive.com\/?page_id=1417"},"modified":"2025-06-16T18:45:54","modified_gmt":"2025-06-16T18:45:54","slug":"coming-soon","status":"publish","type":"page","link":"https:\/\/pepe-dubai.com\/fr\/coming-soon\/","title":{"rendered":"Bient\u00f4t disponible"},"content":{"rendered":"<div class=\"wpb-content-wrapper\"><div id=\"background-cr\" class=\"vc_row wpb_row vc_row-fluid vc_custom_1750099490892 vc_row-has-fill vc_row-o-full-height vc_row-o-columns-middle vc_row-o-equal-height vc_row-o-content-middle vc_row-flex qodef-content-aligment-center\" ><div class=\"wpb_column vc_column_container vc_col-sm-12 vc_col-has-fill\"><div class=\"vc_column-inner vc_custom_1750099132679\"><div class=\"wpb_wrapper\">\n\t<div  class=\"wpb_single_image wpb_content_element vc_align_center wpb_content_element vc_custom_1749630491590\">\n\t\t\n\t\t<figure class=\"wpb_wrapper vc_figure\">\n\t\t\t<div class=\"vc_single_image-wrapper   vc_box_border_grey\"><img decoding=\"async\" width=\"300\" height=\"141\" src=\"https:\/\/pepe-dubai.com\/wp-content\/uploads\/2025\/06\/logo-Pepe-300x141.png\" class=\"vc_single_image-img attachment-medium\" alt=\"\" title=\"logo-Pepe\" srcset=\"https:\/\/pepe-dubai.com\/wp-content\/uploads\/2025\/06\/logo-Pepe-300x141.png 300w, https:\/\/pepe-dubai.com\/wp-content\/uploads\/2025\/06\/logo-Pepe-768x360.png 768w, https:\/\/pepe-dubai.com\/wp-content\/uploads\/2025\/06\/logo-Pepe.png 813w\" sizes=\"(max-width: 300px) 100vw, 300px\" \/><\/div>\n\t\t<\/figure>\n\t<\/div>\n<div class=\"qodef-section-title-holder\" style=\"text-align: center\">\n\t<div class=\"qodef-st-inner\">\n        \t\t\t\t\t<h1 class=\"qodef-st-title\" style=\"color: #678A71\">\n                                    Ciao Dubai, Mama\u2019s cookin\u2019                            <\/h1>\n\t\t\t\t\t\t\t<\/div>\n<\/div><div class=\"qodef-elements-holder   qodef-one-column  qodef-responsive-mode-768\" ><div class=\"qodef-eh-item\"  data-item-class=\"qodef-eh-custom-3474\" data-769-1024=\"0 5% 25px\" data-681-768=\"0 5% 25px\" data-680=\"0 5% 25px\">\n\t<div class=\"qodef-eh-item-inner\">\n\t\t<div class=\"qodef-eh-item-content qodef-eh-custom-3474\" style=\"padding: 0 25% 25px\">\n\t\t\t<div class=\"qodef-section-title-holder\" style=\"text-align: center\">\n\t<div class=\"qodef-st-inner\">\n        \t\t\t\t\t\t\t<span class=\"qodef-st-text\" style=\"color: #678A71\">\n\t\t\t\tOpening Soon at the Address JBR\t\t\t<\/span>\n\t\t\t\t\t<\/div>\n<\/div>\t\t<\/div>\n\t<\/div>\n<\/div><\/div><div class=\"qodef-elements-holder   qodef-one-column  qodef-responsive-mode-768\" ><div class=\"qodef-eh-item\"  data-item-class=\"qodef-eh-custom-2905\" data-680=\"0 0 40px\">\n\t<div class=\"qodef-eh-item-inner\">\n\t\t<div class=\"qodef-eh-item-content qodef-eh-custom-2905\" style=\"padding: 0 10% 80px\">\n\t\t\t<div class=\"qodef-countdown\" id=\"countdown6220\" data-year=\"2025\" data-month=\"11\" data-day=\"1\" data-hour=\"0\" data-minute=\"0\" data-month-label=\"Months\" data-day-label=\"Days\" data-hour-label=\"Hours\" data-minute-label=\"Minutes\" data-second-label=\"Seconds\"  ><\/div>\t\t<\/div>\n\t<\/div>\n<\/div><\/div><div class=\"vc_row wpb_row vc_inner vc_row-fluid qodef-content-aligment-center\" ><div class=\"wpb_column vc_column_container vc_col-sm-12 vc_hidden-lg vc_hidden-md vc_hidden-sm vc_hidden-xs\"><div class=\"vc_column-inner\"><div class=\"wpb_wrapper\"><a itemprop=\"url\" href=\"https:\/\/donpeppe.qodeinteractive.com\/\" target=\"_self\"  class=\"qodef-btn qodef-btn-medium qodef-btn-solid\"  >\n        <span class=\"qodef-btn-text\">Back To Home<\/span>\n    <\/a><\/div><\/div><\/div><\/div><\/div><\/div><\/div><\/div>\n<\/div>","protected":false},"excerpt":{"rendered":"Ciao Dubai, Mama\u2019s cookin\u2019 Opening Soon at the Address JBR Back To Home","protected":false},"author":1,"featured_media":0,"parent":0,"menu_order":0,"comment_status":"closed","ping_status":"closed","template":"coming-soon-page.php","meta":{"footnotes":""},"class_list":["post-1417","page","type-page","status-publish","hentry"],"yoast_head":"<!-- This site is optimized with the Yoast SEO plugin v26.6 - https:\/\/yoast.com\/wordpress\/plugins\/seo\/ -->\n<title>Coming Soon - Pepe Dubai<\/title>\n<meta name=\"robots\" content=\"index, follow, max-snippet:-1, max-image-preview:large, max-video-preview:-1\" \/>\n<link rel=\"canonical\" href=\"https:\/\/pepe-dubai.com\/fr\/coming-soon\/\" \/>\n<meta property=\"og:locale\" content=\"fr_FR\" \/>\n<meta property=\"og:type\" content=\"article\" \/>\n<meta property=\"og:title\" content=\"Coming Soon - Pepe Dubai\" \/>\n<meta property=\"og:url\" content=\"https:\/\/pepe-dubai.com\/fr\/coming-soon\/\" \/>\n<meta property=\"og:site_name\" content=\"Pepe Dubai\" \/>\n<meta property=\"article:modified_time\" content=\"2025-06-16T18:45:54+00:00\" \/>\n<meta name=\"twitter:card\" content=\"summary_large_image\" \/>\n<meta name=\"twitter:label1\" content=\"Dur\u00e9e de lecture estim\u00e9e\" \/>\n\t<meta name=\"twitter:data1\" content=\"1 minute\" \/>\n<script type=\"application\/ld+json\" class=\"yoast-schema-graph\">{\"@context\":\"https:\/\/schema.org\",\"@graph\":[{\"@type\":\"WebPage\",\"@id\":\"https:\/\/pepe-dubai.com\/coming-soon\/\",\"url\":\"https:\/\/pepe-dubai.com\/coming-soon\/\",\"name\":\"Coming Soon - Pepe Dubai\",\"isPartOf\":{\"@id\":\"https:\/\/pepe-dubai.com\/#website\"},\"datePublished\":\"2019-10-21T14:52:33+00:00\",\"dateModified\":\"2025-06-16T18:45:54+00:00\",\"breadcrumb\":{\"@id\":\"https:\/\/pepe-dubai.com\/coming-soon\/#breadcrumb\"},\"inLanguage\":\"fr-FR\",\"potentialAction\":[{\"@type\":\"ReadAction\",\"target\":[\"https:\/\/pepe-dubai.com\/coming-soon\/\"]}]},{\"@type\":\"BreadcrumbList\",\"@id\":\"https:\/\/pepe-dubai.com\/coming-soon\/#breadcrumb\",\"itemListElement\":[{\"@type\":\"ListItem\",\"position\":1,\"name\":\"Accueil\",\"item\":\"https:\/\/pepe-dubai.com\/\"},{\"@type\":\"ListItem\",\"position\":2,\"name\":\"Coming Soon\"}]},{\"@type\":\"WebSite\",\"@id\":\"https:\/\/pepe-dubai.com\/#website\",\"url\":\"https:\/\/pepe-dubai.com\/\",\"name\":\"Pepe Dubai\",\"description\":\"The Italian Trattoria in Dubai , at the Address Beach Resort\",\"potentialAction\":[{\"@type\":\"SearchAction\",\"target\":{\"@type\":\"EntryPoint\",\"urlTemplate\":\"https:\/\/pepe-dubai.com\/?s={search_term_string}\"},\"query-input\":{\"@type\":\"PropertyValueSpecification\",\"valueRequired\":true,\"valueName\":\"search_term_string\"}}],\"inLanguage\":\"fr-FR\"}]}<\/script>\n<!-- \/ Yoast SEO plugin. -->","yoast_head_json":{"title":"Coming Soon - Pepe Dubai","robots":{"index":"index","follow":"follow","max-snippet":"max-snippet:-1","max-image-preview":"max-image-preview:large","max-video-preview":"max-video-preview:-1"},"canonical":"https:\/\/pepe-dubai.com\/fr\/coming-soon\/","og_locale":"fr_FR","og_type":"article","og_title":"Coming Soon - Pepe Dubai","og_url":"https:\/\/pepe-dubai.com\/fr\/coming-soon\/","og_site_name":"Pepe Dubai","article_modified_time":"2025-06-16T18:45:54+00:00","twitter_card":"summary_large_image","twitter_misc":{"Dur\u00e9e de lecture estim\u00e9e":"1 minute"},"schema":{"@context":"https:\/\/schema.org","@graph":[{"@type":"WebPage","@id":"https:\/\/pepe-dubai.com\/coming-soon\/","url":"https:\/\/pepe-dubai.com\/coming-soon\/","name":"Coming Soon - Pepe Dubai","isPartOf":{"@id":"https:\/\/pepe-dubai.com\/#website"},"datePublished":"2019-10-21T14:52:33+00:00","dateModified":"2025-06-16T18:45:54+00:00","breadcrumb":{"@id":"https:\/\/pepe-dubai.com\/coming-soon\/#breadcrumb"},"inLanguage":"fr-FR","potentialAction":[{"@type":"ReadAction","target":["https:\/\/pepe-dubai.com\/coming-soon\/"]}]},{"@type":"BreadcrumbList","@id":"https:\/\/pepe-dubai.com\/coming-soon\/#breadcrumb","itemListElement":[{"@type":"ListItem","position":1,"name":"Accueil","item":"https:\/\/pepe-dubai.com\/"},{"@type":"ListItem","position":2,"name":"Coming Soon"}]},{"@type":"WebSite","@id":"https:\/\/pepe-dubai.com\/#website","url":"https:\/\/pepe-dubai.com\/","name":"Pepe Duba\u00ef","description":"The Italian Trattoria \u00e0 Duba\u00ef, \u00e0 l'Address Beach Resort","potentialAction":[{"@type":"SearchAction","target":{"@type":"EntryPoint","urlTemplate":"https:\/\/pepe-dubai.com\/?s={search_term_string}"},"query-input":{"@type":"PropertyValueSpecification","valueRequired":true,"valueName":"search_term_string"}}],"inLanguage":"fr-FR"}]}},"_links":{"self":[{"href":"https:\/\/pepe-dubai.com\/fr\/wp-json\/wp\/v2\/pages\/1417","targetHints":{"allow":["GET"]}}],"collection":[{"href":"https:\/\/pepe-dubai.com\/fr\/wp-json\/wp\/v2\/pages"}],"about":[{"href":"https:\/\/pepe-dubai.com\/fr\/wp-json\/wp\/v2\/types\/page"}],"author":[{"embeddable":true,"href":"https:\/\/pepe-dubai.com\/fr\/wp-json\/wp\/v2\/users\/1"}],"replies":[{"embeddable":true,"href":"https:\/\/pepe-dubai.com\/fr\/wp-json\/wp\/v2\/comments?post=1417"}],"version-history":[{"count":30,"href":"https:\/\/pepe-dubai.com\/fr\/wp-json\/wp\/v2\/pages\/1417\/revisions"}],"predecessor-version":[{"id":3527,"href":"https:\/\/pepe-dubai.com\/fr\/wp-json\/wp\/v2\/pages\/1417\/revisions\/3527"}],"wp:attachment":[{"href":"https:\/\/pepe-dubai.com\/fr\/wp-json\/wp\/v2\/media?parent=1417"}],"curies":[{"name":"wp","href":"https:\/\/api.w.org\/{rel}","templated":true}]}}